{"id":11770,"date":"2015-08-20T18:40:55","date_gmt":"2015-08-20T16:40:55","guid":{"rendered":"http:\/\/dentalesparreguera.com\/ca\/?page_id=11770"},"modified":"2017-09-22T17:29:24","modified_gmt":"2017-09-22T15:29:24","slug":"implant-dental","status":"publish","type":"page","link":"https:\/\/dentalesparreguera.com\/ca\/especialitats\/implant-dental\/","title":{"rendered":"Implant Dental"},"content":{"rendered":"<p>[et_pb_section bb_built=&#8221;1&#8243; fullwidth=&#8221;on&#8221; specialty=&#8221;off&#8221; background_image=&#8221;http:\/\/dentalesparreguera.com\/wp-content\/uploads\/2015\/08\/implante-dental.jpg&#8221; transparent_background=&#8221;off&#8221; allow_player_pause=&#8221;off&#8221; inner_shadow=&#8221;off&#8221; parallax=&#8221;off&#8221; parallax_method=&#8221;off&#8221; padding_mobile=&#8221;off&#8221; make_fullwidth=&#8221;off&#8221; use_custom_width=&#8221;off&#8221; width_unit=&#8221;on&#8221; make_equal=&#8221;off&#8221; use_custom_gutter=&#8221;off&#8221; background_color=&#8221;#ffffff&#8221; custom_padding_tablet=&#8221;50px|0|50px|0&#8243; custom_padding_last_edited=&#8221;on|desktop&#8221;][et_pb_fullwidth_header title=&#8221;Implant Dental&#8221; background_layout=&#8221;light&#8221; text_orientation=&#8221;center&#8221; header_fullscreen=&#8221;off&#8221; header_scroll_down=&#8221;off&#8221; parallax=&#8221;off&#8221; parallax_method=&#8221;off&#8221; content_orientation=&#8221;center&#8221; image_orientation=&#8221;center&#8221; custom_button_one=&#8221;off&#8221; button_one_letter_spacing=&#8221;0&#8243; button_one_use_icon=&#8221;default&#8221; button_one_icon_placement=&#8221;right&#8221; button_one_on_hover=&#8221;on&#8221; button_one_letter_spacing_hover=&#8221;0&#8243; custom_button_two=&#8221;off&#8221; button_two_letter_spacing=&#8221;0&#8243; button_two_use_icon=&#8221;default&#8221; button_two_icon_placement=&#8221;right&#8221; button_two_on_hover=&#8221;on&#8221; button_two_letter_spacing_hover=&#8221;0&#8243; background_color=&#8221;rgba(255,255,255,0.3)&#8221; subhead=&#8221;\u201cNo notareu la difer\u00e8ncia amb dents naturals\u201d&#8221; subhead_font_size=&#8221;48px&#8221; title_font_size=&#8221;36&#8243; subhead_font=&#8221;Lobster Two||||&#8221; subhead_font_color=&#8221;#ffffff&#8221; title_font_color=&#8221;#000000&#8243; \/][\/et_pb_section][et_pb_section bb_built=&#8221;1&#8243; fullwidth=&#8221;off&#8221; specialty=&#8221;off&#8221;][et_pb_row background_position=&#8221;top_left&#8221; background_repeat=&#8221;repeat&#8221; background_size=&#8221;initial&#8221;][et_pb_column type=&#8221;1_4&#8243;][et_pb_image admin_label=&#8221;icono Implantes&#8221; src=&#8221;http:\/\/dentalesparreguera.com\/wp-content\/uploads\/2015\/09\/icono-implante-dental.png&#8221; title_text=&#8221;Especialidad 1&#8243; show_in_lightbox=&#8221;off&#8221; url_new_window=&#8221;off&#8221; animation=&#8221;left&#8221; sticky=&#8221;off&#8221; align=&#8221;left&#8221; force_fullwidth=&#8221;off&#8221; always_center_on_mobile=&#8221;on&#8221; use_border_color=&#8221;off&#8221; border_color=&#8221;#ffffff&#8221; border_style=&#8221;solid&#8221; alt=&#8221;implante dental&#8221; animation_direction=&#8221;left&#8221; animation_style=&#8221;slide&#8221; animation_duration=&#8221;500ms&#8221; animation_intensity_slide=&#8221;10%&#8221; \/][\/et_pb_column][et_pb_column type=&#8221;1_2&#8243;][et_pb_text admin_label=&#8221;implantes&#8221; background_layout=&#8221;light&#8221; text_orientation=&#8221;left&#8221; use_border_color=&#8221;off&#8221; border_color=&#8221;#ffffff&#8221; border_style=&#8221;solid&#8221; module_alignment=&#8221;left&#8221; background_position=&#8221;top_left&#8221; background_repeat=&#8221;repeat&#8221; background_size=&#8221;initial&#8221;]<\/p>\n<p>L&#8217;implant dental, \u00e9s un producte sanitari dissenyat per substituir l&#8217;arrel de la dent, col\u00b7locant despr\u00e9s sobre ell, una funda enroscada o cementada, \u00e9s la millor manera de reempla\u00e7ar les dents naturals que falten. Habitualment tenen forma roscada i estan fabricats amb materials biocompatibles, que no produeixen rebuig i permeten la uni\u00f3 de l&#8217;implant a l&#8217;os, hi ha diverses classes (segons la zona on es vagin a col\u00b7locar) usem de titani o cer\u00e0mics. El pacient pot mastegar c\u00f2modament, somriure i parlar amb la mateixa naturalitat i seguretat que ho feia amb les seves pr\u00f2pies dents.<\/p>\n<h3>T\u00e8cniques<\/h3>\n<ul>\n<li>Cl\u00e0ssica (quir\u00fargica). Si la dent es va extreure fa temps, tallem la geniva per col\u00b7locar-ho.<\/li>\n<li>Implantolog\u00eda- transmucosa. Col\u00b7locaci\u00f3 de l&#8217;implant dental sense la necessitat de tallar la geniva.<\/li>\n<li>Implantolog\u00eda dental immediata \u2013 post-extracci\u00f3. S&#8217;extreu la dent i al mateix moment es col\u00b7loca l&#8217;implant.<\/li>\n<\/ul>\n<p>No obstant aix\u00f2, qualsevol que sigui el m\u00e8tode, \u00e9s indolor i es realitza sota anest\u00e8sia local. El treball no \u00e9s dif\u00edcil quan est\u00e0 realitzat per un bon professional.\u00a0El que cal tenir en compte \u00e9s la col\u00b7locaci\u00f3 de la corona o pr\u00f2tesi sobre l&#8217;implant\/s, varia de temps segons el cas, de 3 a 6 mesos. Ara b\u00e9, es podr\u00e0 portar durant aquest per\u00edode de temps un provisional si es desitja.<\/p>\n<h3>Avantatges<\/h3>\n<ul>\n<li>Gr\u00e0cies als implants dentals es poden inserir pr\u00f2tesis fixes o ponts sense ganxo i suavitzar les dents adjacents.<\/li>\n<li>Substitu\u00efm una pe\u00e7a dental, sense necessitat de tocar altres dents.<\/li>\n<li>Proporcionen suport als pacients portadors de pr\u00f2tesi completa, fent-les m\u00e9s segures i c\u00f2modes.<\/li>\n<li>Tant li falti una dent, tots o siguin a punt de fallar, hi ha una soluci\u00f3, consulti&#8217;ns.<\/li>\n<\/ul>\n<h3>Tipus d&#8217;Implants<\/h3>\n<p>Els <strong>implants dentals de c\u00e0rrega immediata<\/strong> Col\u00b7locaci\u00f3 d&#8217;un implant en 24h, per motius est\u00e8tics.<\/p>\n<p>Els <strong>implants dentals unitaris<\/strong> Per cobrir l&#8217;abs\u00e8ncia d&#8217;una dent perduda, recuperant l&#8217;est\u00e8tica i funcionalitat del mateix. Aquest tipus d&#8217;implants, substitueixen a una \u00fanica pe\u00e7a dental.<\/p>\n<p>Els <strong>implants d&#8217;arcada completa<\/strong>, representen la millor opci\u00f3 quan precisem substituir tota l&#8217;arcada dental, per abs\u00e8ncia o malament estat de la majoria de les seves peces. Aquesta t\u00e8cnica, consisteix a treballar amb el m\u00ednim d&#8217;implants per sustentar tota l&#8217;arcada dental.<\/p>\n<p>Els <strong>implants pterigoideos<\/strong>, permeten suportar l&#8217;implant en aquells casos que el pacient no disposa d&#8217;os suficient.<\/p>\n<p>[\/et_pb_text][\/et_pb_column][et_pb_column type=&#8221;1_4&#8243;][et_pb_sidebar orientation=&#8221;right&#8221; area=&#8221;et_pb_widget_area_2&#8243; background_layout=&#8221;light&#8221; remove_border=&#8221;off&#8221; show_border=&#8221;off&#8221; _builder_version=&#8221;3.0.76&#8243; \/][\/et_pb_column][\/et_pb_row][\/et_pb_section]<\/p>\n","protected":false},"excerpt":{"rendered":"<p>L&#8217;implant dental, \u00e9s un producte sanitari dissenyat per substituir l&#8217;arrel de la dent, col\u00b7locant despr\u00e9s sobre ell, una funda enroscada o cementada, \u00e9s la millor manera de reempla\u00e7ar les dents naturals que falten. Habitualment tenen forma roscada i estan fabricats amb materials biocompatibles, que no produeixen rebuig i permeten la uni\u00f3 de l&#8217;implant a l&#8217;os, [&hellip;]<\/p>\n","protected":false},"author":5,"featured_media":0,"parent":11647,"menu_order":4,"comment_status":"open","ping_status":"closed","template":"","meta":{"_et_pb_use_builder":"on","_et_pb_old_content":"","_et_gb_content_width":"","_joinchat":[],"footnotes":""},"class_list":["post-11770","page","type-page","status-publish","hentry"],"yoast_head":"<!-- This site is optimized with the Yoast SEO plugin v27.4 - https:\/\/yoast.com\/product\/yoast-seo-wordpress\/ -->\n<title>Implant Dental - Mima Cl\u00ednica Dental<\/title>\n<meta name=\"robots\" content=\"index, follow, max-snippet:-1, max-image-preview:large, max-video-preview:-1\" \/>\n<link rel=\"canonical\" href=\"https:\/\/dentalesparreguera.com\/ca\/especialitats\/implant-dental\/\" \/>\n<meta property=\"og:locale\" content=\"ca_ES\" \/>\n<meta property=\"og:type\" content=\"article\" \/>\n<meta property=\"og:title\" content=\"Implant Dental - Mima Cl\u00ednica Dental\" \/>\n<meta property=\"og:description\" content=\"L&#039;implant dental, \u00e9s un producte sanitari dissenyat per substituir l&#039;arrel de la dent, col\u00b7locant despr\u00e9s sobre ell, una funda enroscada o cementada, \u00e9s la millor manera de reempla\u00e7ar les dents naturals que falten. Habitualment tenen forma roscada i estan fabricats amb materials biocompatibles, que no produeixen rebuig i permeten la uni\u00f3 de l&#039;implant a l&#039;os, [&hellip;]\" \/>\n<meta property=\"og:url\" content=\"https:\/\/dentalesparreguera.com\/ca\/especialitats\/implant-dental\/\" \/>\n<meta property=\"og:site_name\" content=\"Mima Cl\u00ednica Dental\" \/>\n<meta property=\"article:publisher\" content=\"https:\/\/www.facebook.com\/dentalesparreguera\/\" \/>\n<meta property=\"article:modified_time\" content=\"2017-09-22T15:29:24+00:00\" \/>\n<meta name=\"twitter:card\" content=\"summary_large_image\" \/>\n<meta name=\"twitter:label1\" content=\"Temps estimat de lectura\" \/>\n\t<meta name=\"twitter:data1\" content=\"4 minuts\" \/>\n<script type=\"application\/ld+json\" class=\"yoast-schema-graph\">{\"@context\":\"https:\\\/\\\/schema.org\",\"@graph\":[{\"@type\":\"WebPage\",\"@id\":\"https:\\\/\\\/dentalesparreguera.com\\\/ca\\\/especialitats\\\/implant-dental\\\/\",\"url\":\"https:\\\/\\\/dentalesparreguera.com\\\/ca\\\/especialitats\\\/implant-dental\\\/\",\"name\":\"Implant Dental - Mima Cl\u00ednica Dental\",\"isPartOf\":{\"@id\":\"https:\\\/\\\/dentalesparreguera.com\\\/ca\\\/#website\"},\"datePublished\":\"2015-08-20T16:40:55+00:00\",\"dateModified\":\"2017-09-22T15:29:24+00:00\",\"breadcrumb\":{\"@id\":\"https:\\\/\\\/dentalesparreguera.com\\\/ca\\\/especialitats\\\/implant-dental\\\/#breadcrumb\"},\"inLanguage\":\"ca\",\"potentialAction\":[{\"@type\":\"ReadAction\",\"target\":[\"https:\\\/\\\/dentalesparreguera.com\\\/ca\\\/especialitats\\\/implant-dental\\\/\"]}]},{\"@type\":\"BreadcrumbList\",\"@id\":\"https:\\\/\\\/dentalesparreguera.com\\\/ca\\\/especialitats\\\/implant-dental\\\/#breadcrumb\",\"itemListElement\":[{\"@type\":\"ListItem\",\"position\":1,\"name\":\"Portada\",\"item\":\"https:\\\/\\\/dentalesparreguera.com\\\/ca\\\/\"},{\"@type\":\"ListItem\",\"position\":2,\"name\":\"Especialitats\",\"item\":\"https:\\\/\\\/dentalesparreguera.com\\\/ca\\\/especialitats\\\/\"},{\"@type\":\"ListItem\",\"position\":3,\"name\":\"Implant Dental\"}]},{\"@type\":\"WebSite\",\"@id\":\"https:\\\/\\\/dentalesparreguera.com\\\/ca\\\/#website\",\"url\":\"https:\\\/\\\/dentalesparreguera.com\\\/ca\\\/\",\"name\":\"Mima Cl\u00ednica Dental\",\"description\":\"Tu Cl\u00ednica Dental de confianza en Esparreguera\",\"publisher\":{\"@id\":\"https:\\\/\\\/dentalesparreguera.com\\\/ca\\\/#organization\"},\"potentialAction\":[{\"@type\":\"SearchAction\",\"target\":{\"@type\":\"EntryPoint\",\"urlTemplate\":\"https:\\\/\\\/dentalesparreguera.com\\\/ca\\\/?s={search_term_string}\"},\"query-input\":{\"@type\":\"PropertyValueSpecification\",\"valueRequired\":true,\"valueName\":\"search_term_string\"}}],\"inLanguage\":\"ca\"},{\"@type\":\"Organization\",\"@id\":\"https:\\\/\\\/dentalesparreguera.com\\\/ca\\\/#organization\",\"name\":\"Mima Cl\u00ednica Dental\",\"url\":\"https:\\\/\\\/dentalesparreguera.com\\\/ca\\\/\",\"logo\":{\"@type\":\"ImageObject\",\"inLanguage\":\"ca\",\"@id\":\"https:\\\/\\\/dentalesparreguera.com\\\/ca\\\/#\\\/schema\\\/logo\\\/image\\\/\",\"url\":\"https:\\\/\\\/dentalesparreguera.com\\\/wp-content\\\/uploads\\\/2015\\\/08\\\/LOGOS-blog-mimaMIMA-2-150ppp.png\",\"contentUrl\":\"https:\\\/\\\/dentalesparreguera.com\\\/wp-content\\\/uploads\\\/2015\\\/08\\\/LOGOS-blog-mimaMIMA-2-150ppp.png\",\"width\":849,\"height\":403,\"caption\":\"Mima Cl\u00ednica Dental\"},\"image\":{\"@id\":\"https:\\\/\\\/dentalesparreguera.com\\\/ca\\\/#\\\/schema\\\/logo\\\/image\\\/\"},\"sameAs\":[\"https:\\\/\\\/www.facebook.com\\\/dentalesparreguera\\\/\"]}]}<\/script>\n<!-- \/ Yoast SEO plugin. -->","yoast_head_json":{"title":"Implant Dental - Mima Cl\u00ednica Dental","robots":{"index":"index","follow":"follow","max-snippet":"max-snippet:-1","max-image-preview":"max-image-preview:large","max-video-preview":"max-video-preview:-1"},"canonical":"https:\/\/dentalesparreguera.com\/ca\/especialitats\/implant-dental\/","og_locale":"ca_ES","og_type":"article","og_title":"Implant Dental - Mima Cl\u00ednica Dental","og_description":"L'implant dental, \u00e9s un producte sanitari dissenyat per substituir l'arrel de la dent, col\u00b7locant despr\u00e9s sobre ell, una funda enroscada o cementada, \u00e9s la millor manera de reempla\u00e7ar les dents naturals que falten. Habitualment tenen forma roscada i estan fabricats amb materials biocompatibles, que no produeixen rebuig i permeten la uni\u00f3 de l'implant a l'os, [&hellip;]","og_url":"https:\/\/dentalesparreguera.com\/ca\/especialitats\/implant-dental\/","og_site_name":"Mima Cl\u00ednica Dental","article_publisher":"https:\/\/www.facebook.com\/dentalesparreguera\/","article_modified_time":"2017-09-22T15:29:24+00:00","twitter_card":"summary_large_image","twitter_misc":{"Temps estimat de lectura":"4 minuts"},"schema":{"@context":"https:\/\/schema.org","@graph":[{"@type":"WebPage","@id":"https:\/\/dentalesparreguera.com\/ca\/especialitats\/implant-dental\/","url":"https:\/\/dentalesparreguera.com\/ca\/especialitats\/implant-dental\/","name":"Implant Dental - Mima Cl\u00ednica Dental","isPartOf":{"@id":"https:\/\/dentalesparreguera.com\/ca\/#website"},"datePublished":"2015-08-20T16:40:55+00:00","dateModified":"2017-09-22T15:29:24+00:00","breadcrumb":{"@id":"https:\/\/dentalesparreguera.com\/ca\/especialitats\/implant-dental\/#breadcrumb"},"inLanguage":"ca","potentialAction":[{"@type":"ReadAction","target":["https:\/\/dentalesparreguera.com\/ca\/especialitats\/implant-dental\/"]}]},{"@type":"BreadcrumbList","@id":"https:\/\/dentalesparreguera.com\/ca\/especialitats\/implant-dental\/#breadcrumb","itemListElement":[{"@type":"ListItem","position":1,"name":"Portada","item":"https:\/\/dentalesparreguera.com\/ca\/"},{"@type":"ListItem","position":2,"name":"Especialitats","item":"https:\/\/dentalesparreguera.com\/ca\/especialitats\/"},{"@type":"ListItem","position":3,"name":"Implant Dental"}]},{"@type":"WebSite","@id":"https:\/\/dentalesparreguera.com\/ca\/#website","url":"https:\/\/dentalesparreguera.com\/ca\/","name":"Mima Cl\u00ednica Dental","description":"Tu Cl\u00ednica Dental de confianza en Esparreguera","publisher":{"@id":"https:\/\/dentalesparreguera.com\/ca\/#organization"},"potentialAction":[{"@type":"SearchAction","target":{"@type":"EntryPoint","urlTemplate":"https:\/\/dentalesparreguera.com\/ca\/?s={search_term_string}"},"query-input":{"@type":"PropertyValueSpecification","valueRequired":true,"valueName":"search_term_string"}}],"inLanguage":"ca"},{"@type":"Organization","@id":"https:\/\/dentalesparreguera.com\/ca\/#organization","name":"Mima Cl\u00ednica Dental","url":"https:\/\/dentalesparreguera.com\/ca\/","logo":{"@type":"ImageObject","inLanguage":"ca","@id":"https:\/\/dentalesparreguera.com\/ca\/#\/schema\/logo\/image\/","url":"https:\/\/dentalesparreguera.com\/wp-content\/uploads\/2015\/08\/LOGOS-blog-mimaMIMA-2-150ppp.png","contentUrl":"https:\/\/dentalesparreguera.com\/wp-content\/uploads\/2015\/08\/LOGOS-blog-mimaMIMA-2-150ppp.png","width":849,"height":403,"caption":"Mima Cl\u00ednica Dental"},"image":{"@id":"https:\/\/dentalesparreguera.com\/ca\/#\/schema\/logo\/image\/"},"sameAs":["https:\/\/www.facebook.com\/dentalesparreguera\/"]}]}},"_links":{"self":[{"href":"https:\/\/dentalesparreguera.com\/ca\/wp-json\/wp\/v2\/pages\/11770","targetHints":{"allow":["GET"]}}],"collection":[{"href":"https:\/\/dentalesparreguera.com\/ca\/wp-json\/wp\/v2\/pages"}],"about":[{"href":"https:\/\/dentalesparreguera.com\/ca\/wp-json\/wp\/v2\/types\/page"}],"author":[{"embeddable":true,"href":"https:\/\/dentalesparreguera.com\/ca\/wp-json\/wp\/v2\/users\/5"}],"replies":[{"embeddable":true,"href":"https:\/\/dentalesparreguera.com\/ca\/wp-json\/wp\/v2\/comments?post=11770"}],"version-history":[{"count":3,"href":"https:\/\/dentalesparreguera.com\/ca\/wp-json\/wp\/v2\/pages\/11770\/revisions"}],"predecessor-version":[{"id":12992,"href":"https:\/\/dentalesparreguera.com\/ca\/wp-json\/wp\/v2\/pages\/11770\/revisions\/12992"}],"up":[{"embeddable":true,"href":"https:\/\/dentalesparreguera.com\/ca\/wp-json\/wp\/v2\/pages\/11647"}],"wp:attachment":[{"href":"https:\/\/dentalesparreguera.com\/ca\/wp-json\/wp\/v2\/media?parent=11770"}],"curies":[{"name":"wp","href":"https:\/\/api.w.org\/{rel}","templated":true}]}}