{"id":11790,"date":"2015-09-16T13:23:36","date_gmt":"2015-09-16T11:23:36","guid":{"rendered":"http:\/\/dentalesparreguera.com\/ca\/?page_id=11790"},"modified":"2018-05-14T17:28:43","modified_gmt":"2018-05-14T15:28:43","slug":"endodoncia","status":"publish","type":"page","link":"https:\/\/dentalesparreguera.com\/ca\/especialitats\/endodoncia\/","title":{"rendered":"Endod\u00f2ncia"},"content":{"rendered":"<p>[et_pb_section bb_built=&#8221;1&#8243; fullwidth=&#8221;on&#8221; specialty=&#8221;off&#8221; background_image=&#8221;http:\/\/dentalesparreguera.com\/wp-content\/uploads\/2015\/09\/endodoncia.jpg&#8221; transparent_background=&#8221;off&#8221; allow_player_pause=&#8221;off&#8221; inner_shadow=&#8221;off&#8221; parallax=&#8221;off&#8221; parallax_method=&#8221;off&#8221; padding_mobile=&#8221;off&#8221; make_fullwidth=&#8221;off&#8221; use_custom_width=&#8221;off&#8221; width_unit=&#8221;on&#8221; make_equal=&#8221;off&#8221; use_custom_gutter=&#8221;off&#8221; background_color=&#8221;#ffffff&#8221; custom_padding_tablet=&#8221;50px|0|50px|0&#8243; custom_padding_last_edited=&#8221;on|desktop&#8221; next_background_color=&#8221;#ffffff&#8221;][et_pb_fullwidth_header title=&#8221;Endod\u00f2ncia&#8221; background_layout=&#8221;light&#8221; text_orientation=&#8221;center&#8221; header_fullscreen=&#8221;off&#8221; header_scroll_down=&#8221;off&#8221; parallax=&#8221;off&#8221; parallax_method=&#8221;off&#8221; content_orientation=&#8221;center&#8221; image_orientation=&#8221;center&#8221; custom_button_one=&#8221;off&#8221; button_one_letter_spacing=&#8221;0&#8243; button_one_use_icon=&#8221;default&#8221; button_one_icon_placement=&#8221;right&#8221; button_one_on_hover=&#8221;on&#8221; button_one_letter_spacing_hover=&#8221;0&#8243; custom_button_two=&#8221;off&#8221; button_two_letter_spacing=&#8221;0&#8243; button_two_use_icon=&#8221;default&#8221; button_two_icon_placement=&#8221;right&#8221; button_two_on_hover=&#8221;on&#8221; button_two_letter_spacing_hover=&#8221;0&#8243; background_color=&#8221;rgba(255,255,255,0.3)&#8221; subhead=&#8221;\u201cMantindreu l&#8217;aparen\u00e7a i funcionalitat de la vostra dent%22&#8243; subhead_font_size=&#8221;48px&#8221; title_font_size=&#8221;36&#8243; subhead_font=&#8221;Lobster Two||||&#8221; subhead_font_color=&#8221;#ffffff&#8221; title_font_color=&#8221;#000000&#8243; content_max_width=&#8221;100%&#8221; title_text_color=&#8221;#000000&#8243; subhead_text_color=&#8221;#ffffff&#8221; \/][\/et_pb_section][et_pb_section bb_built=&#8221;1&#8243; fullwidth=&#8221;off&#8221; specialty=&#8221;off&#8221; prev_background_color=&#8221;#000000&#8243;][et_pb_row background_position=&#8221;top_left&#8221; background_repeat=&#8221;repeat&#8221; background_size=&#8221;initial&#8221;][et_pb_column type=&#8221;1_4&#8243;][et_pb_image admin_label=&#8221;icono endo&#8221; src=&#8221;http:\/\/dentalesparreguera.com\/wp-content\/uploads\/2015\/09\/icono-endodoncia.png&#8221; title_text=&#8221;endodoncia&#8221; show_in_lightbox=&#8221;off&#8221; url_new_window=&#8221;off&#8221; animation=&#8221;left&#8221; sticky=&#8221;off&#8221; align=&#8221;left&#8221; force_fullwidth=&#8221;off&#8221; always_center_on_mobile=&#8221;on&#8221; use_border_color=&#8221;off&#8221; border_color=&#8221;#ffffff&#8221; border_style=&#8221;solid&#8221; alt=&#8221;endodoncia&#8221; animation_direction=&#8221;left&#8221; animation_style=&#8221;slide&#8221; animation_duration=&#8221;500ms&#8221; animation_intensity_slide=&#8221;10%&#8221; show_bottom_space=&#8221;on&#8221; \/][\/et_pb_column][et_pb_column type=&#8221;1_2&#8243;][et_pb_text admin_label=&#8221;Endodoncia&#8221; background_layout=&#8221;light&#8221; text_orientation=&#8221;left&#8221; use_border_color=&#8221;off&#8221; border_color=&#8221;#ffffff&#8221; border_style=&#8221;solid&#8221; module_alignment=&#8221;left&#8221; background_position=&#8221;top_left&#8221; background_repeat=&#8221;repeat&#8221; background_size=&#8221;initial&#8221;]<\/p>\n<p>\u00c9s el tractament de conductes radiculares, aix\u00f2 correspon a tota ter\u00e0pia que \u00e9s practicada en el complex dentino-pulpar d&#8217;una dent. La ter\u00e0pia endod\u00f3ntica consisteix en l&#8217;extirpaci\u00f3 parcial (pulpotom\u00edas en dents temporals- de llet) o l&#8217;extirpaci\u00f3 total de la polpa dental (nervi-art\u00e8ria-vena).<\/p>\n<p>Una vegada nets i desinfectats els conductes, quan el tractament d&#8217;endod\u00f2ncia finalitza, es deixa una pasta provisional, per despr\u00e9s restaurar la pe\u00e7a dental, amb pern, corona, incrustaci\u00f3, resina\u2026., segons la part de la dent que queda i la resist\u00e8ncia amb la qual explica.<\/p>\n<p>Les dents que han estat endodonciados, es queden m\u00e9s fr\u00e0gils (al no estar \u201cvius\u201d). Quan una c\u00e0ries, fractura o infecci\u00f3 arriben a nervi, \u00e9s la primera opci\u00f3 per conservar la dent en boca.<\/p>\n<p>Aconseguim mantenir l&#8217;aparen\u00e7a i funcionalitat de la teva dent, malgrat els danys soferts per est.<\/p>\n<p>[\/et_pb_text][\/et_pb_column][et_pb_column type=&#8221;1_4&#8243;][et_pb_sidebar orientation=&#8221;right&#8221; area=&#8221;et_pb_widget_area_2&#8243; background_layout=&#8221;light&#8221; remove_border=&#8221;off&#8221; show_border=&#8221;off&#8221; _builder_version=&#8221;3.0.76&#8243; \/][\/et_pb_column][\/et_pb_row][et_pb_row][et_pb_column type=&#8221;4_4&#8243;][et_pb_text admin_label=&#8221;Tratamiento endod\u00f3ncico de dos premolares superiores.&#8221; _builder_version=&#8221;3.2.2&#8243;]<\/p>\n<h2 style=\"text-align: center;\">Tractament endod\u00f2ncic de dues premolars superiors.<\/h2>\n<p>[\/et_pb_text][\/et_pb_column][\/et_pb_row][et_pb_row][et_pb_column type=&#8221;1_2&#8243;][et_pb_image _builder_version=&#8221;3.2.2&#8243; src=&#8221;http:\/\/dentalesparreguera.com\/wp-content\/uploads\/2018\/05\/endodoncia-premolares-superiores-1.jpg&#8221; alt=&#8221;endodoncia premolares superiores&#8221; force_fullwidth=&#8221;on&#8221; \/][et_pb_text _builder_version=&#8221;3.2.2&#8243;]<\/p>\n<p>Premolars que presenten gran c\u00e0ries, afectant els nervis dels mateixos. Primer premolar amb imatge a l&#8217;arrel (periodontitis apical asimptom\u00e0tica granulomatosa) i segon premolar amb pulpitis irreversible (inflamaci\u00f3 de la polpa).<\/p>\n<p>[\/et_pb_text][\/et_pb_column][et_pb_column type=&#8221;1_2&#8243;][et_pb_image _builder_version=&#8221;3.2.2&#8243; src=&#8221;http:\/\/dentalesparreguera.com\/wp-content\/uploads\/2018\/05\/endodoncia-premolares-superiores-2.jpg&#8221; alt=&#8221;endodoncia premolares superiores&#8221; force_fullwidth=&#8221;on&#8221; \/][et_pb_text _builder_version=&#8221;3.2.2&#8243;]<\/p>\n<p>Es realitza el tractament de conductes (endod\u00f2ncia) en tots dos i posterior reconstrucci\u00f3 de comp\u00f2sit. La radiografia mostra el control als 3 mesos amb curaci\u00f3 de la lesi\u00f3 apical del primer premolar.<\/p>\n<p>[\/et_pb_text][\/et_pb_column][\/et_pb_row][et_pb_row][et_pb_column type=&#8221;4_4&#8243;][et_pb_text admin_label=&#8221;Tratamiento endod\u00f3ncico de primer molar inferior.&#8221; _builder_version=&#8221;3.2.2&#8243;]<\/p>\n<h2 style=\"text-align: center;\">Tractament endod\u00f2ncic de primer molar inferior.<\/h2>\n<p>[\/et_pb_text][\/et_pb_column][\/et_pb_row][et_pb_row][et_pb_column type=&#8221;1_4&#8243;][et_pb_image _builder_version=&#8221;3.2.2&#8243; src=&#8221;http:\/\/dentalesparreguera.com\/wp-content\/uploads\/2018\/05\/endodoncia-premolar-inferiror-1.jpg&#8221; alt=&#8221;endodoncia premolar inferiror&#8221; force_fullwidth=&#8221;on&#8221; \/][et_pb_text _builder_version=&#8221;3.2.2&#8243;]<\/p>\n<p>C\u00e0ries en primer molar inferior que afecta la polpa (pulpitis irreversible).<\/p>\n<p>[\/et_pb_text][\/et_pb_column][et_pb_column type=&#8221;1_4&#8243;][et_pb_image _builder_version=&#8221;3.2.2&#8243; src=&#8221;http:\/\/dentalesparreguera.com\/wp-content\/uploads\/2018\/05\/endodoncia-premolar-inferiror-2.jpg&#8221; alt=&#8221;endodoncia premolar inferiror&#8221; force_fullwidth=&#8221;on&#8221; \/][et_pb_text _builder_version=&#8221;3.2.2&#8243;]<\/p>\n<p>Es realitza l&#8217;endod\u00f2ncia.<\/p>\n<p>[\/et_pb_text][\/et_pb_column][et_pb_column type=&#8221;1_4&#8243;][et_pb_image _builder_version=&#8221;3.2.2&#8243; src=&#8221;http:\/\/dentalesparreguera.com\/wp-content\/uploads\/2018\/05\/endodoncia-premolar-inferiror-3.jpg&#8221; alt=&#8221;endodoncia premolar inferiror&#8221; force_fullwidth=&#8221;on&#8221; \/][et_pb_text _builder_version=&#8221;3.2.2&#8243;]<\/p>\n<p>Cambra pulpar amb conductes obturats i paret distal reconstru\u00efda amb composite.<\/p>\n<p>[\/et_pb_text][\/et_pb_column][et_pb_column type=&#8221;1_4&#8243;][et_pb_image _builder_version=&#8221;3.2.2&#8243; src=&#8221;http:\/\/dentalesparreguera.com\/wp-content\/uploads\/2018\/05\/endodoncia-premolar-inferiror-4.jpg&#8221; alt=&#8221;endodoncia premolar inferiror&#8221; force_fullwidth=&#8221;on&#8221; \/][et_pb_text _builder_version=&#8221;3.2.2&#8243;]<\/p>\n<p>Corona de la dent reconstru\u00eft.<\/p>\n<p>[\/et_pb_text][\/et_pb_column][\/et_pb_row][\/et_pb_section]<\/p>\n","protected":false},"excerpt":{"rendered":"<p>\u00c9s el tractament de conductes radiculares, aix\u00f2 correspon a tota ter\u00e0pia que \u00e9s practicada en el complex dentino-pulpar d&#8217;una dent. La ter\u00e0pia endod\u00f3ntica consisteix en l&#8217;extirpaci\u00f3 parcial (pulpotom\u00edas en dents temporals- de llet) o l&#8217;extirpaci\u00f3 total de la polpa dental (nervi-art\u00e8ria-vena). Una vegada nets i desinfectats els conductes, quan el tractament d&#8217;endod\u00f2ncia finalitza, es deixa [&hellip;]<\/p>\n","protected":false},"author":5,"featured_media":0,"parent":11647,"menu_order":8,"comment_status":"closed","ping_status":"closed","template":"","meta":{"_et_pb_use_builder":"on","_et_pb_old_content":"","_et_gb_content_width":"","_joinchat":[],"footnotes":""},"class_list":["post-11790","page","type-page","status-publish","hentry"],"yoast_head":"<!-- This site is optimized with the Yoast SEO plugin v27.3 - https:\/\/yoast.com\/product\/yoast-seo-wordpress\/ -->\n<title>Endod\u00f2ncia - Mima Cl\u00ednica Dental<\/title>\n<meta name=\"robots\" content=\"index, follow, max-snippet:-1, max-image-preview:large, max-video-preview:-1\" \/>\n<link rel=\"canonical\" href=\"https:\/\/dentalesparreguera.com\/ca\/especialitats\/endodoncia\/\" \/>\n<meta property=\"og:locale\" content=\"ca_ES\" \/>\n<meta property=\"og:type\" content=\"article\" \/>\n<meta property=\"og:title\" content=\"Endod\u00f2ncia - Mima Cl\u00ednica Dental\" \/>\n<meta property=\"og:description\" content=\"\u00c9s el tractament de conductes radiculares, aix\u00f2 correspon a tota ter\u00e0pia que \u00e9s practicada en el complex dentino-pulpar d&#039;una dent. La ter\u00e0pia endod\u00f3ntica consisteix en l&#039;extirpaci\u00f3 parcial (pulpotom\u00edas en dents temporals- de llet) o l&#039;extirpaci\u00f3 total de la polpa dental (nervi-art\u00e8ria-vena). Una vegada nets i desinfectats els conductes, quan el tractament d&#039;endod\u00f2ncia finalitza, es deixa [&hellip;]\" \/>\n<meta property=\"og:url\" content=\"https:\/\/dentalesparreguera.com\/ca\/especialitats\/endodoncia\/\" \/>\n<meta property=\"og:site_name\" content=\"Mima Cl\u00ednica Dental\" \/>\n<meta property=\"article:publisher\" content=\"https:\/\/www.facebook.com\/dentalesparreguera\/\" \/>\n<meta property=\"article:modified_time\" content=\"2018-05-14T15:28:43+00:00\" \/>\n<meta name=\"twitter:card\" content=\"summary_large_image\" \/>\n<meta name=\"twitter:label1\" content=\"Temps estimat de lectura\" \/>\n\t<meta name=\"twitter:data1\" content=\"5 minuts\" \/>\n<script type=\"application\/ld+json\" class=\"yoast-schema-graph\">{\"@context\":\"https:\\\/\\\/schema.org\",\"@graph\":[{\"@type\":\"WebPage\",\"@id\":\"https:\\\/\\\/dentalesparreguera.com\\\/ca\\\/especialitats\\\/endodoncia\\\/\",\"url\":\"https:\\\/\\\/dentalesparreguera.com\\\/ca\\\/especialitats\\\/endodoncia\\\/\",\"name\":\"Endod\u00f2ncia - Mima Cl\u00ednica Dental\",\"isPartOf\":{\"@id\":\"https:\\\/\\\/dentalesparreguera.com\\\/ca\\\/#website\"},\"datePublished\":\"2015-09-16T11:23:36+00:00\",\"dateModified\":\"2018-05-14T15:28:43+00:00\",\"breadcrumb\":{\"@id\":\"https:\\\/\\\/dentalesparreguera.com\\\/ca\\\/especialitats\\\/endodoncia\\\/#breadcrumb\"},\"inLanguage\":\"ca\",\"potentialAction\":[{\"@type\":\"ReadAction\",\"target\":[\"https:\\\/\\\/dentalesparreguera.com\\\/ca\\\/especialitats\\\/endodoncia\\\/\"]}]},{\"@type\":\"BreadcrumbList\",\"@id\":\"https:\\\/\\\/dentalesparreguera.com\\\/ca\\\/especialitats\\\/endodoncia\\\/#breadcrumb\",\"itemListElement\":[{\"@type\":\"ListItem\",\"position\":1,\"name\":\"Portada\",\"item\":\"https:\\\/\\\/dentalesparreguera.com\\\/ca\\\/\"},{\"@type\":\"ListItem\",\"position\":2,\"name\":\"Especialitats\",\"item\":\"https:\\\/\\\/dentalesparreguera.com\\\/ca\\\/especialitats\\\/\"},{\"@type\":\"ListItem\",\"position\":3,\"name\":\"Endod\u00f2ncia\"}]},{\"@type\":\"WebSite\",\"@id\":\"https:\\\/\\\/dentalesparreguera.com\\\/ca\\\/#website\",\"url\":\"https:\\\/\\\/dentalesparreguera.com\\\/ca\\\/\",\"name\":\"Mima Cl\u00ednica Dental\",\"description\":\"Tu Cl\u00ednica Dental de confianza en Esparreguera\",\"publisher\":{\"@id\":\"https:\\\/\\\/dentalesparreguera.com\\\/ca\\\/#organization\"},\"potentialAction\":[{\"@type\":\"SearchAction\",\"target\":{\"@type\":\"EntryPoint\",\"urlTemplate\":\"https:\\\/\\\/dentalesparreguera.com\\\/ca\\\/?s={search_term_string}\"},\"query-input\":{\"@type\":\"PropertyValueSpecification\",\"valueRequired\":true,\"valueName\":\"search_term_string\"}}],\"inLanguage\":\"ca\"},{\"@type\":\"Organization\",\"@id\":\"https:\\\/\\\/dentalesparreguera.com\\\/ca\\\/#organization\",\"name\":\"Mima Cl\u00ednica Dental\",\"url\":\"https:\\\/\\\/dentalesparreguera.com\\\/ca\\\/\",\"logo\":{\"@type\":\"ImageObject\",\"inLanguage\":\"ca\",\"@id\":\"https:\\\/\\\/dentalesparreguera.com\\\/ca\\\/#\\\/schema\\\/logo\\\/image\\\/\",\"url\":\"https:\\\/\\\/dentalesparreguera.com\\\/wp-content\\\/uploads\\\/2015\\\/08\\\/LOGOS-blog-mimaMIMA-2-150ppp.png\",\"contentUrl\":\"https:\\\/\\\/dentalesparreguera.com\\\/wp-content\\\/uploads\\\/2015\\\/08\\\/LOGOS-blog-mimaMIMA-2-150ppp.png\",\"width\":849,\"height\":403,\"caption\":\"Mima Cl\u00ednica Dental\"},\"image\":{\"@id\":\"https:\\\/\\\/dentalesparreguera.com\\\/ca\\\/#\\\/schema\\\/logo\\\/image\\\/\"},\"sameAs\":[\"https:\\\/\\\/www.facebook.com\\\/dentalesparreguera\\\/\"]}]}<\/script>\n<!-- \/ Yoast SEO plugin. -->","yoast_head_json":{"title":"Endod\u00f2ncia - Mima Cl\u00ednica Dental","robots":{"index":"index","follow":"follow","max-snippet":"max-snippet:-1","max-image-preview":"max-image-preview:large","max-video-preview":"max-video-preview:-1"},"canonical":"https:\/\/dentalesparreguera.com\/ca\/especialitats\/endodoncia\/","og_locale":"ca_ES","og_type":"article","og_title":"Endod\u00f2ncia - Mima Cl\u00ednica Dental","og_description":"\u00c9s el tractament de conductes radiculares, aix\u00f2 correspon a tota ter\u00e0pia que \u00e9s practicada en el complex dentino-pulpar d'una dent. La ter\u00e0pia endod\u00f3ntica consisteix en l'extirpaci\u00f3 parcial (pulpotom\u00edas en dents temporals- de llet) o l'extirpaci\u00f3 total de la polpa dental (nervi-art\u00e8ria-vena). Una vegada nets i desinfectats els conductes, quan el tractament d'endod\u00f2ncia finalitza, es deixa [&hellip;]","og_url":"https:\/\/dentalesparreguera.com\/ca\/especialitats\/endodoncia\/","og_site_name":"Mima Cl\u00ednica Dental","article_publisher":"https:\/\/www.facebook.com\/dentalesparreguera\/","article_modified_time":"2018-05-14T15:28:43+00:00","twitter_card":"summary_large_image","twitter_misc":{"Temps estimat de lectura":"5 minuts"},"schema":{"@context":"https:\/\/schema.org","@graph":[{"@type":"WebPage","@id":"https:\/\/dentalesparreguera.com\/ca\/especialitats\/endodoncia\/","url":"https:\/\/dentalesparreguera.com\/ca\/especialitats\/endodoncia\/","name":"Endod\u00f2ncia - Mima Cl\u00ednica Dental","isPartOf":{"@id":"https:\/\/dentalesparreguera.com\/ca\/#website"},"datePublished":"2015-09-16T11:23:36+00:00","dateModified":"2018-05-14T15:28:43+00:00","breadcrumb":{"@id":"https:\/\/dentalesparreguera.com\/ca\/especialitats\/endodoncia\/#breadcrumb"},"inLanguage":"ca","potentialAction":[{"@type":"ReadAction","target":["https:\/\/dentalesparreguera.com\/ca\/especialitats\/endodoncia\/"]}]},{"@type":"BreadcrumbList","@id":"https:\/\/dentalesparreguera.com\/ca\/especialitats\/endodoncia\/#breadcrumb","itemListElement":[{"@type":"ListItem","position":1,"name":"Portada","item":"https:\/\/dentalesparreguera.com\/ca\/"},{"@type":"ListItem","position":2,"name":"Especialitats","item":"https:\/\/dentalesparreguera.com\/ca\/especialitats\/"},{"@type":"ListItem","position":3,"name":"Endod\u00f2ncia"}]},{"@type":"WebSite","@id":"https:\/\/dentalesparreguera.com\/ca\/#website","url":"https:\/\/dentalesparreguera.com\/ca\/","name":"Mima Cl\u00ednica Dental","description":"Tu Cl\u00ednica Dental de confianza en Esparreguera","publisher":{"@id":"https:\/\/dentalesparreguera.com\/ca\/#organization"},"potentialAction":[{"@type":"SearchAction","target":{"@type":"EntryPoint","urlTemplate":"https:\/\/dentalesparreguera.com\/ca\/?s={search_term_string}"},"query-input":{"@type":"PropertyValueSpecification","valueRequired":true,"valueName":"search_term_string"}}],"inLanguage":"ca"},{"@type":"Organization","@id":"https:\/\/dentalesparreguera.com\/ca\/#organization","name":"Mima Cl\u00ednica Dental","url":"https:\/\/dentalesparreguera.com\/ca\/","logo":{"@type":"ImageObject","inLanguage":"ca","@id":"https:\/\/dentalesparreguera.com\/ca\/#\/schema\/logo\/image\/","url":"https:\/\/dentalesparreguera.com\/wp-content\/uploads\/2015\/08\/LOGOS-blog-mimaMIMA-2-150ppp.png","contentUrl":"https:\/\/dentalesparreguera.com\/wp-content\/uploads\/2015\/08\/LOGOS-blog-mimaMIMA-2-150ppp.png","width":849,"height":403,"caption":"Mima Cl\u00ednica Dental"},"image":{"@id":"https:\/\/dentalesparreguera.com\/ca\/#\/schema\/logo\/image\/"},"sameAs":["https:\/\/www.facebook.com\/dentalesparreguera\/"]}]}},"_links":{"self":[{"href":"https:\/\/dentalesparreguera.com\/ca\/wp-json\/wp\/v2\/pages\/11790","targetHints":{"allow":["GET"]}}],"collection":[{"href":"https:\/\/dentalesparreguera.com\/ca\/wp-json\/wp\/v2\/pages"}],"about":[{"href":"https:\/\/dentalesparreguera.com\/ca\/wp-json\/wp\/v2\/types\/page"}],"author":[{"embeddable":true,"href":"https:\/\/dentalesparreguera.com\/ca\/wp-json\/wp\/v2\/users\/5"}],"replies":[{"embeddable":true,"href":"https:\/\/dentalesparreguera.com\/ca\/wp-json\/wp\/v2\/comments?post=11790"}],"version-history":[{"count":3,"href":"https:\/\/dentalesparreguera.com\/ca\/wp-json\/wp\/v2\/pages\/11790\/revisions"}],"predecessor-version":[{"id":13184,"href":"https:\/\/dentalesparreguera.com\/ca\/wp-json\/wp\/v2\/pages\/11790\/revisions\/13184"}],"up":[{"embeddable":true,"href":"https:\/\/dentalesparreguera.com\/ca\/wp-json\/wp\/v2\/pages\/11647"}],"wp:attachment":[{"href":"https:\/\/dentalesparreguera.com\/ca\/wp-json\/wp\/v2\/media?parent=11790"}],"curies":[{"name":"wp","href":"https:\/\/api.w.org\/{rel}","templated":true}]}}