{"id":11795,"date":"2015-09-16T13:27:56","date_gmt":"2015-09-16T11:27:56","guid":{"rendered":"http:\/\/dentalesparreguera.com\/ca\/?page_id=11795"},"modified":"2025-04-23T10:12:05","modified_gmt":"2025-04-23T08:12:05","slug":"odontopediatria","status":"publish","type":"page","link":"https:\/\/dentalesparreguera.com\/ca\/especialitats\/odontopediatria\/","title":{"rendered":"Odontopediatria"},"content":{"rendered":"<p>[et_pb_section fb_built=&#8221;1&#8243; fullwidth=&#8221;on&#8221; custom_padding_last_edited=&#8221;on|desktop&#8221; _builder_version=&#8221;4.16&#8243; background_color=&#8221;#ffffff&#8221; background_image=&#8221;http:\/\/dentalesparreguera.com\/wp-content\/uploads\/2015\/09\/odonto.jpg&#8221; custom_padding_tablet=&#8221;50px|0|50px|0&#8243; custom_padding_phone=&#8221;&#8221; transparent_background=&#8221;off&#8221; padding_mobile=&#8221;off&#8221; make_fullwidth=&#8221;off&#8221; use_custom_width=&#8221;off&#8221; width_unit=&#8221;on&#8221; global_colors_info=&#8221;{}&#8221;][et_pb_fullwidth_header title=&#8221;Odontopediatria&#8221; subhead=&#8221;%22Realitzem tractaments espec\u00edfics des dels tres anys%22&#8243; text_orientation=&#8221;center&#8221; content_max_width=&#8221;none&#8221; title_font_color=&#8221;#000000&#8243; subhead_font_color=&#8221;#ffffff&#8221; _builder_version=&#8221;4.27.4&#8243; title_text_color=&#8221;#000000&#8243; title_font_size=&#8221;36&#8243; subhead_font=&#8221;Lobster Two||||&#8221; subhead_text_color=&#8221;#ffffff&#8221; subhead_font_size=&#8221;48px&#8221; background_color=&#8221;rgba(255,255,255,0.3)&#8221; background_layout=&#8221;light&#8221; button_one_letter_spacing_hover=&#8221;0&#8243; button_two_letter_spacing_hover=&#8221;0&#8243; global_colors_info=&#8221;{}&#8221; button_one_text_size__hover_enabled=&#8221;off&#8221; button_two_text_size__hover_enabled=&#8221;off&#8221; button_one_text_color__hover_enabled=&#8221;off&#8221; button_two_text_color__hover_enabled=&#8221;off&#8221; button_one_border_width__hover_enabled=&#8221;off&#8221; button_two_border_width__hover_enabled=&#8221;off&#8221; button_one_border_color__hover_enabled=&#8221;off&#8221; button_two_border_color__hover_enabled=&#8221;off&#8221; button_one_border_radius__hover_enabled=&#8221;off&#8221; button_two_border_radius__hover_enabled=&#8221;off&#8221; button_one_letter_spacing__hover_enabled=&#8221;on&#8221; button_one_letter_spacing__hover=&#8221;0&#8243; button_two_letter_spacing__hover_enabled=&#8221;on&#8221; button_two_letter_spacing__hover=&#8221;0&#8243; button_one_bg_color__hover_enabled=&#8221;off&#8221; button_two_bg_color__hover_enabled=&#8221;off&#8221;][\/et_pb_fullwidth_header][\/et_pb_section][et_pb_section fb_built=&#8221;1&#8243; _builder_version=&#8221;4.16&#8243; global_colors_info=&#8221;{}&#8221;][et_pb_row column_structure=&#8221;1_4,1_2,1_4&#8243; _builder_version=&#8221;4.16&#8243; background_size=&#8221;initial&#8221; background_position=&#8221;top_left&#8221; background_repeat=&#8221;repeat&#8221; global_colors_info=&#8221;{}&#8221;][et_pb_column type=&#8221;1_4&#8243; _builder_version=&#8221;4.16&#8243; custom_padding=&#8221;|||&#8221; global_colors_info=&#8221;{}&#8221; custom_padding__hover=&#8221;|||&#8221;][et_pb_image src=&#8221;http:\/\/dentalesparreguera.com\/wp-content\/uploads\/2015\/09\/icono-odontologia-infantil.png&#8221; alt=&#8221;odontolog\u00eda infantil&#8221; title_text=&#8221;odontolog\u00eda infantil&#8221; align_tablet=&#8221;center&#8221; align_phone=&#8221;center&#8221; align_last_edited=&#8221;on|desktop&#8221; admin_label=&#8221;icono&#8221; _builder_version=&#8221;4.16&#8243; animation_style=&#8221;slide&#8221; animation_direction=&#8221;left&#8221; animation_duration=&#8221;500ms&#8221; animation_intensity_slide=&#8221;10%&#8221; animation=&#8221;left&#8221; sticky=&#8221;off&#8221; use_border_color=&#8221;off&#8221; border_color=&#8221;#ffffff&#8221; border_style=&#8221;solid&#8221; always_center_on_mobile=&#8221;on&#8221; global_colors_info=&#8221;{}&#8221;][\/et_pb_image][\/et_pb_column][et_pb_column type=&#8221;1_2&#8243; _builder_version=&#8221;4.16&#8243; custom_padding=&#8221;|||&#8221; global_colors_info=&#8221;{}&#8221; custom_padding__hover=&#8221;|||&#8221;][et_pb_text admin_label=&#8221;Odontologia Infantil&#8221; _builder_version=&#8221;4.16&#8243; background_size=&#8221;initial&#8221; background_position=&#8221;top_left&#8221; background_repeat=&#8221;repeat&#8221; module_alignment=&#8221;left&#8221; use_border_color=&#8221;off&#8221; border_color=&#8221;#ffffff&#8221; border_style=&#8221;solid&#8221; global_colors_info=&#8221;{}&#8221;]El seguiment especialitzat des dels primers anys de vida \u00e9s molt important per aconseguir una boca sana, amb una est\u00e8tica i amb unes funcions adequades. Des del moment en qu\u00e8 erupcionan les primeres dents \u00e9s important conscienciar als pares perqu\u00e8 assumeixin la necessitat d&#8217;inculcar la correcta higiene oral del nen i es mantingui la boca sana.<\/p>\n<p><strong>Entre els dos anys i mitj\u00e0 i els 3 anys s&#8217;ha de fer la primera visita al dentista<\/strong>, no solament per corregir problemes ja existents, sin\u00f3 tamb\u00e9 per iniciar una relaci\u00f3 de proximitat amb el nen i d&#8217;aquesta forma que adquireixi h\u00e0bits de salut bucodental correctes.<br \/>\n[\/et_pb_text][et_pb_gallery gallery_ids=&#8221;11509,11510&#8243; fullwidth=&#8221;on&#8221; _builder_version=&#8221;4.16&#8243; caption_all_caps=&#8221;off&#8221; auto=&#8221;on&#8221; dbdb_version=&#8221;4.8.1&#8243; use_border_color=&#8221;off&#8221; border_color=&#8221;#ffffff&#8221; border_style=&#8221;solid&#8221; global_colors_info=&#8221;{}&#8221;][\/et_pb_gallery][\/et_pb_column][et_pb_column type=&#8221;1_4&#8243; _builder_version=&#8221;4.16&#8243; custom_padding=&#8221;|||&#8221; global_colors_info=&#8221;{}&#8221; custom_padding__hover=&#8221;|||&#8221;][et_pb_sidebar orientation=&#8221;right&#8221; area=&#8221;et_pb_widget_area_2&#8243; show_border=&#8221;off&#8221; _builder_version=&#8221;4.16&#8243; remove_border=&#8221;off&#8221; global_colors_info=&#8221;{}&#8221;][\/et_pb_sidebar][\/et_pb_column][\/et_pb_row][\/et_pb_section]<\/p>\n","protected":false},"excerpt":{"rendered":"<p>El seguiment especialitzat des dels primers anys de vida \u00e9s molt important per aconseguir una boca sana, amb una est\u00e8tica i amb unes funcions adequades. Des del moment en qu\u00e8 erupcionan les primeres dents \u00e9s important conscienciar als pares perqu\u00e8 assumeixin la necessitat d&#8217;inculcar la correcta higiene oral del nen i es mantingui la boca [&hellip;]<\/p>\n","protected":false},"author":5,"featured_media":0,"parent":11647,"menu_order":9,"comment_status":"closed","ping_status":"closed","template":"","meta":{"_et_pb_use_builder":"on","_et_pb_old_content":"","_et_gb_content_width":"","_joinchat":[],"footnotes":""},"class_list":["post-11795","page","type-page","status-publish","hentry"],"yoast_head":"<!-- This site is optimized with the Yoast SEO plugin v27.3 - https:\/\/yoast.com\/product\/yoast-seo-wordpress\/ -->\n<title>Odontopediatria - Mima Cl\u00ednica Dental<\/title>\n<meta name=\"robots\" content=\"index, follow, max-snippet:-1, max-image-preview:large, max-video-preview:-1\" \/>\n<link rel=\"canonical\" href=\"https:\/\/dentalesparreguera.com\/ca\/especialitats\/odontopediatria\/\" \/>\n<meta property=\"og:locale\" content=\"ca_ES\" \/>\n<meta property=\"og:type\" content=\"article\" \/>\n<meta property=\"og:title\" content=\"Odontopediatria - Mima Cl\u00ednica Dental\" \/>\n<meta property=\"og:description\" content=\"El seguiment especialitzat des dels primers anys de vida \u00e9s molt important per aconseguir una boca sana, amb una est\u00e8tica i amb unes funcions adequades. Des del moment en qu\u00e8 erupcionan les primeres dents \u00e9s important conscienciar als pares perqu\u00e8 assumeixin la necessitat d&#039;inculcar la correcta higiene oral del nen i es mantingui la boca [&hellip;]\" \/>\n<meta property=\"og:url\" content=\"https:\/\/dentalesparreguera.com\/ca\/especialitats\/odontopediatria\/\" \/>\n<meta property=\"og:site_name\" content=\"Mima Cl\u00ednica Dental\" \/>\n<meta property=\"article:publisher\" content=\"https:\/\/www.facebook.com\/dentalesparreguera\/\" \/>\n<meta property=\"article:modified_time\" content=\"2025-04-23T08:12:05+00:00\" \/>\n<meta name=\"twitter:card\" content=\"summary_large_image\" \/>\n<meta name=\"twitter:label1\" content=\"Temps estimat de lectura\" \/>\n\t<meta name=\"twitter:data1\" content=\"2 minuts\" \/>\n<script type=\"application\/ld+json\" class=\"yoast-schema-graph\">{\"@context\":\"https:\\\/\\\/schema.org\",\"@graph\":[{\"@type\":\"WebPage\",\"@id\":\"https:\\\/\\\/dentalesparreguera.com\\\/ca\\\/especialitats\\\/odontopediatria\\\/\",\"url\":\"https:\\\/\\\/dentalesparreguera.com\\\/ca\\\/especialitats\\\/odontopediatria\\\/\",\"name\":\"Odontopediatria - Mima Cl\u00ednica Dental\",\"isPartOf\":{\"@id\":\"https:\\\/\\\/dentalesparreguera.com\\\/ca\\\/#website\"},\"datePublished\":\"2015-09-16T11:27:56+00:00\",\"dateModified\":\"2025-04-23T08:12:05+00:00\",\"breadcrumb\":{\"@id\":\"https:\\\/\\\/dentalesparreguera.com\\\/ca\\\/especialitats\\\/odontopediatria\\\/#breadcrumb\"},\"inLanguage\":\"ca\",\"potentialAction\":[{\"@type\":\"ReadAction\",\"target\":[\"https:\\\/\\\/dentalesparreguera.com\\\/ca\\\/especialitats\\\/odontopediatria\\\/\"]}]},{\"@type\":\"BreadcrumbList\",\"@id\":\"https:\\\/\\\/dentalesparreguera.com\\\/ca\\\/especialitats\\\/odontopediatria\\\/#breadcrumb\",\"itemListElement\":[{\"@type\":\"ListItem\",\"position\":1,\"name\":\"Portada\",\"item\":\"https:\\\/\\\/dentalesparreguera.com\\\/ca\\\/\"},{\"@type\":\"ListItem\",\"position\":2,\"name\":\"Especialitats\",\"item\":\"https:\\\/\\\/dentalesparreguera.com\\\/ca\\\/especialitats\\\/\"},{\"@type\":\"ListItem\",\"position\":3,\"name\":\"Odontopediatria\"}]},{\"@type\":\"WebSite\",\"@id\":\"https:\\\/\\\/dentalesparreguera.com\\\/ca\\\/#website\",\"url\":\"https:\\\/\\\/dentalesparreguera.com\\\/ca\\\/\",\"name\":\"Mima Cl\u00ednica Dental\",\"description\":\"Tu Cl\u00ednica Dental de confianza en Esparreguera\",\"publisher\":{\"@id\":\"https:\\\/\\\/dentalesparreguera.com\\\/ca\\\/#organization\"},\"potentialAction\":[{\"@type\":\"SearchAction\",\"target\":{\"@type\":\"EntryPoint\",\"urlTemplate\":\"https:\\\/\\\/dentalesparreguera.com\\\/ca\\\/?s={search_term_string}\"},\"query-input\":{\"@type\":\"PropertyValueSpecification\",\"valueRequired\":true,\"valueName\":\"search_term_string\"}}],\"inLanguage\":\"ca\"},{\"@type\":\"Organization\",\"@id\":\"https:\\\/\\\/dentalesparreguera.com\\\/ca\\\/#organization\",\"name\":\"Mima Cl\u00ednica Dental\",\"url\":\"https:\\\/\\\/dentalesparreguera.com\\\/ca\\\/\",\"logo\":{\"@type\":\"ImageObject\",\"inLanguage\":\"ca\",\"@id\":\"https:\\\/\\\/dentalesparreguera.com\\\/ca\\\/#\\\/schema\\\/logo\\\/image\\\/\",\"url\":\"https:\\\/\\\/dentalesparreguera.com\\\/wp-content\\\/uploads\\\/2015\\\/08\\\/LOGOS-blog-mimaMIMA-2-150ppp.png\",\"contentUrl\":\"https:\\\/\\\/dentalesparreguera.com\\\/wp-content\\\/uploads\\\/2015\\\/08\\\/LOGOS-blog-mimaMIMA-2-150ppp.png\",\"width\":849,\"height\":403,\"caption\":\"Mima Cl\u00ednica Dental\"},\"image\":{\"@id\":\"https:\\\/\\\/dentalesparreguera.com\\\/ca\\\/#\\\/schema\\\/logo\\\/image\\\/\"},\"sameAs\":[\"https:\\\/\\\/www.facebook.com\\\/dentalesparreguera\\\/\"]}]}<\/script>\n<!-- \/ Yoast SEO plugin. -->","yoast_head_json":{"title":"Odontopediatria - Mima Cl\u00ednica Dental","robots":{"index":"index","follow":"follow","max-snippet":"max-snippet:-1","max-image-preview":"max-image-preview:large","max-video-preview":"max-video-preview:-1"},"canonical":"https:\/\/dentalesparreguera.com\/ca\/especialitats\/odontopediatria\/","og_locale":"ca_ES","og_type":"article","og_title":"Odontopediatria - Mima Cl\u00ednica Dental","og_description":"El seguiment especialitzat des dels primers anys de vida \u00e9s molt important per aconseguir una boca sana, amb una est\u00e8tica i amb unes funcions adequades. Des del moment en qu\u00e8 erupcionan les primeres dents \u00e9s important conscienciar als pares perqu\u00e8 assumeixin la necessitat d'inculcar la correcta higiene oral del nen i es mantingui la boca [&hellip;]","og_url":"https:\/\/dentalesparreguera.com\/ca\/especialitats\/odontopediatria\/","og_site_name":"Mima Cl\u00ednica Dental","article_publisher":"https:\/\/www.facebook.com\/dentalesparreguera\/","article_modified_time":"2025-04-23T08:12:05+00:00","twitter_card":"summary_large_image","twitter_misc":{"Temps estimat de lectura":"2 minuts"},"schema":{"@context":"https:\/\/schema.org","@graph":[{"@type":"WebPage","@id":"https:\/\/dentalesparreguera.com\/ca\/especialitats\/odontopediatria\/","url":"https:\/\/dentalesparreguera.com\/ca\/especialitats\/odontopediatria\/","name":"Odontopediatria - Mima Cl\u00ednica Dental","isPartOf":{"@id":"https:\/\/dentalesparreguera.com\/ca\/#website"},"datePublished":"2015-09-16T11:27:56+00:00","dateModified":"2025-04-23T08:12:05+00:00","breadcrumb":{"@id":"https:\/\/dentalesparreguera.com\/ca\/especialitats\/odontopediatria\/#breadcrumb"},"inLanguage":"ca","potentialAction":[{"@type":"ReadAction","target":["https:\/\/dentalesparreguera.com\/ca\/especialitats\/odontopediatria\/"]}]},{"@type":"BreadcrumbList","@id":"https:\/\/dentalesparreguera.com\/ca\/especialitats\/odontopediatria\/#breadcrumb","itemListElement":[{"@type":"ListItem","position":1,"name":"Portada","item":"https:\/\/dentalesparreguera.com\/ca\/"},{"@type":"ListItem","position":2,"name":"Especialitats","item":"https:\/\/dentalesparreguera.com\/ca\/especialitats\/"},{"@type":"ListItem","position":3,"name":"Odontopediatria"}]},{"@type":"WebSite","@id":"https:\/\/dentalesparreguera.com\/ca\/#website","url":"https:\/\/dentalesparreguera.com\/ca\/","name":"Mima Cl\u00ednica Dental","description":"Tu Cl\u00ednica Dental de confianza en Esparreguera","publisher":{"@id":"https:\/\/dentalesparreguera.com\/ca\/#organization"},"potentialAction":[{"@type":"SearchAction","target":{"@type":"EntryPoint","urlTemplate":"https:\/\/dentalesparreguera.com\/ca\/?s={search_term_string}"},"query-input":{"@type":"PropertyValueSpecification","valueRequired":true,"valueName":"search_term_string"}}],"inLanguage":"ca"},{"@type":"Organization","@id":"https:\/\/dentalesparreguera.com\/ca\/#organization","name":"Mima Cl\u00ednica Dental","url":"https:\/\/dentalesparreguera.com\/ca\/","logo":{"@type":"ImageObject","inLanguage":"ca","@id":"https:\/\/dentalesparreguera.com\/ca\/#\/schema\/logo\/image\/","url":"https:\/\/dentalesparreguera.com\/wp-content\/uploads\/2015\/08\/LOGOS-blog-mimaMIMA-2-150ppp.png","contentUrl":"https:\/\/dentalesparreguera.com\/wp-content\/uploads\/2015\/08\/LOGOS-blog-mimaMIMA-2-150ppp.png","width":849,"height":403,"caption":"Mima Cl\u00ednica Dental"},"image":{"@id":"https:\/\/dentalesparreguera.com\/ca\/#\/schema\/logo\/image\/"},"sameAs":["https:\/\/www.facebook.com\/dentalesparreguera\/"]}]}},"_links":{"self":[{"href":"https:\/\/dentalesparreguera.com\/ca\/wp-json\/wp\/v2\/pages\/11795","targetHints":{"allow":["GET"]}}],"collection":[{"href":"https:\/\/dentalesparreguera.com\/ca\/wp-json\/wp\/v2\/pages"}],"about":[{"href":"https:\/\/dentalesparreguera.com\/ca\/wp-json\/wp\/v2\/types\/page"}],"author":[{"embeddable":true,"href":"https:\/\/dentalesparreguera.com\/ca\/wp-json\/wp\/v2\/users\/5"}],"replies":[{"embeddable":true,"href":"https:\/\/dentalesparreguera.com\/ca\/wp-json\/wp\/v2\/comments?post=11795"}],"version-history":[{"count":6,"href":"https:\/\/dentalesparreguera.com\/ca\/wp-json\/wp\/v2\/pages\/11795\/revisions"}],"predecessor-version":[{"id":14516,"href":"https:\/\/dentalesparreguera.com\/ca\/wp-json\/wp\/v2\/pages\/11795\/revisions\/14516"}],"up":[{"embeddable":true,"href":"https:\/\/dentalesparreguera.com\/ca\/wp-json\/wp\/v2\/pages\/11647"}],"wp:attachment":[{"href":"https:\/\/dentalesparreguera.com\/ca\/wp-json\/wp\/v2\/media?parent=11795"}],"curies":[{"name":"wp","href":"https:\/\/api.w.org\/{rel}","templated":true}]}}