{"id":11821,"date":"2015-09-16T16:05:34","date_gmt":"2015-09-16T14:05:34","guid":{"rendered":"http:\/\/dentalesparreguera.com\/ca\/?page_id=11821"},"modified":"2017-09-22T17:42:28","modified_gmt":"2017-09-22T15:42:28","slug":"halitosis","status":"publish","type":"page","link":"https:\/\/dentalesparreguera.com\/ca\/especialitats\/halitosis\/","title":{"rendered":"Halitosis"},"content":{"rendered":"<p>[et_pb_section bb_built=&#8221;1&#8243; fullwidth=&#8221;on&#8221; specialty=&#8221;off&#8221; background_image=&#8221;http:\/\/dentalesparreguera.com\/wp-content\/uploads\/2015\/09\/cigarette-110849_1280.jpg&#8221; transparent_background=&#8221;off&#8221; allow_player_pause=&#8221;off&#8221; inner_shadow=&#8221;off&#8221; parallax=&#8221;off&#8221; parallax_method=&#8221;off&#8221; padding_mobile=&#8221;off&#8221; make_fullwidth=&#8221;off&#8221; use_custom_width=&#8221;off&#8221; width_unit=&#8221;on&#8221; make_equal=&#8221;off&#8221; use_custom_gutter=&#8221;off&#8221; background_color=&#8221;#ffffff&#8221; custom_padding_tablet=&#8221;50px|0|50px|0&#8243; custom_padding_last_edited=&#8221;on|desktop&#8221;][et_pb_fullwidth_header title=&#8221;Halitosis&#8221; background_layout=&#8221;light&#8221; text_orientation=&#8221;center&#8221; header_fullscreen=&#8221;off&#8221; header_scroll_down=&#8221;off&#8221; parallax=&#8221;off&#8221; parallax_method=&#8221;off&#8221; content_orientation=&#8221;center&#8221; image_orientation=&#8221;center&#8221; custom_button_one=&#8221;off&#8221; button_one_letter_spacing=&#8221;0&#8243; button_one_use_icon=&#8221;default&#8221; button_one_icon_placement=&#8221;right&#8221; button_one_on_hover=&#8221;on&#8221; button_one_letter_spacing_hover=&#8221;0&#8243; custom_button_two=&#8221;off&#8221; button_two_letter_spacing=&#8221;0&#8243; button_two_use_icon=&#8221;default&#8221; button_two_icon_placement=&#8221;right&#8221; button_two_on_hover=&#8221;on&#8221; button_two_letter_spacing_hover=&#8221;0&#8243; background_color=&#8221;rgba(255,255,255,0.3)&#8221; subhead=&#8221;\u201cEl 80% dels casos s&#8217;ocasiona a la pr\u00f2pia cavitat bucal.%22&#8243; subhead_font_size=&#8221;48px&#8221; title_font_size=&#8221;36&#8243; subhead_font=&#8221;Lobster Two||||&#8221; subhead_font_color=&#8221;#ffffff&#8221; title_font_color=&#8221;#000000&#8243; \/][\/et_pb_section][et_pb_section bb_built=&#8221;1&#8243; fullwidth=&#8221;off&#8221; specialty=&#8221;off&#8221;][et_pb_row background_position=&#8221;top_left&#8221; background_repeat=&#8221;repeat&#8221; background_size=&#8221;initial&#8221;][et_pb_column type=&#8221;1_4&#8243;][et_pb_image admin_label=&#8221;Halitosis icono&#8221; src=&#8221;http:\/\/dentalesparreguera.com\/wp-content\/uploads\/2015\/09\/icono-alitosis.png&#8221; title_text=&#8221;Especialidad 1&#8243; show_in_lightbox=&#8221;off&#8221; url_new_window=&#8221;off&#8221; animation=&#8221;left&#8221; sticky=&#8221;off&#8221; align=&#8221;left&#8221; force_fullwidth=&#8221;off&#8221; always_center_on_mobile=&#8221;on&#8221; use_border_color=&#8221;off&#8221; border_color=&#8221;#ffffff&#8221; border_style=&#8221;solid&#8221; animation_direction=&#8221;left&#8221; animation_style=&#8221;slide&#8221; animation_duration=&#8221;500ms&#8221; animation_intensity_slide=&#8221;10%&#8221; \/][\/et_pb_column][et_pb_column type=&#8221;1_2&#8243;][et_pb_text admin_label=&#8221;Halitosis&#8221; background_layout=&#8221;light&#8221; text_orientation=&#8221;left&#8221; use_border_color=&#8221;off&#8221; border_color=&#8221;#ffffff&#8221; border_style=&#8221;solid&#8221; module_alignment=&#8221;left&#8221; background_position=&#8221;top_left&#8221; background_repeat=&#8221;repeat&#8221; background_size=&#8221;initial&#8221;]<\/p>\n<p>La Halitosis, tamb\u00e9 coneguda com a mal al\u00e8, es defineix com el conjunt d&#8217;olors desagradables que s&#8217;emeten per la boca. \u00c9s un problema que afecta una de cada dues persones, a un 40% de la poblaci\u00f3. Es considera un problema de car\u00e0cter social relacionat amb una higiene bucal deficient o amb malalties de la cavitat oral, encara que en ocasions pot ser una manifestaci\u00f3 d&#8217;alguna altra patologia, tamb\u00e9 existeix la pseudo-patol\u00f2gica (la persona produeix mal al\u00e8 i no ho percep).<\/p>\n<p>La producci\u00f3 de subst\u00e0ncies malolientes, els m\u00e9s freq\u00fcents els Compostos Vol\u00e0tils de Sulfur (CVS), s&#8217;associa als productes resultants de la degradaci\u00f3 del metabolisme dels bacteris, generalment els bacteris anaerobis gram-negatives, que es localitzen principalment a la zona posterior del dors de la llengua i en altres localitzacions com a borses periodontales.<\/p>\n<p>Les causes de la Halitosis oral poden ser patol\u00f2giques i no patol\u00f2giques. El 80% dels casos s&#8217;ocasiona en la pr\u00f2pia cavitat bucal. Entre els motius externs a la boca que poden provocar un al\u00e8 desagradable estan: malalties respirat\u00f2ries i otorrinolaringol\u00f3gicas (5%-8%), malalties digestives (2%); i unes altres com a diabetis mellitus, insufici\u00e8ncia renal i hep\u00e0tica.<\/p>\n<h2>Com acabar amb ella<\/h2>\n<p>En la majoria dels casos, la halitosis disminueix amb un canvi d&#8217;h\u00e0bits. Hi ha una s\u00e8rie de pr\u00e0ctiques que, a m\u00e9s d&#8217;evitar el desenvolupament del mal al\u00e8, poden acabar amb ell: Mantenir una correcta higiene dental (un raspallat durant tres minuts reals), sense oblidar la llengua per disminuir el ac\u00famulo de bacteris, tres vegades al dia.<\/p>\n<p>Tamb\u00e9 cal utilitzar la seda dental o els raspalls interproximales per eliminar de forma completa les restes alimentoses i la placa bacteriana dipositats entre les dents i sota la vora de la geniva, aconseguint una higiene dental adequada. Per prevenir la sequedat bucal \u00e9s important mantenir una bona hidrataci\u00f3.<\/p>\n<p>Es recomana beure molta aigua. Reduir els intervals entre els menjars i els aliments com la ceba, l&#8217;all i esp\u00e8cies de sabor intens. Seguir una alimentaci\u00f3 sana i equilibrada, incrementant l&#8217;aportaci\u00f3 d&#8217;aliments naturals, i disminuir el consum de tabac, alcohol i caf\u00e8. Visitar al dentista com a m\u00ednim una vegada a l&#8217;any.<\/p>\n<p>[\/et_pb_text][\/et_pb_column][et_pb_column type=&#8221;1_4&#8243;][et_pb_sidebar orientation=&#8221;right&#8221; area=&#8221;et_pb_widget_area_2&#8243; background_layout=&#8221;light&#8221; remove_border=&#8221;off&#8221; show_border=&#8221;off&#8221; _builder_version=&#8221;3.0.76&#8243; disabled=&#8221;off&#8221; disabled_on=&#8221;on|on|&#8221; \/][\/et_pb_column][\/et_pb_row][\/et_pb_section]<\/p>\n","protected":false},"excerpt":{"rendered":"<p>La Halitosis, tamb\u00e9 coneguda com a mal al\u00e8, es defineix com el conjunt d&#8217;olors desagradables que s&#8217;emeten per la boca. \u00c9s un problema que afecta una de cada dues persones, a un 40% de la poblaci\u00f3. Es considera un problema de car\u00e0cter social relacionat amb una higiene bucal deficient o amb malalties de la cavitat [&hellip;]<\/p>\n","protected":false},"author":5,"featured_media":0,"parent":11647,"menu_order":13,"comment_status":"closed","ping_status":"closed","template":"","meta":{"_et_pb_use_builder":"on","_et_pb_old_content":"","_et_gb_content_width":"","_joinchat":[],"footnotes":""},"class_list":["post-11821","page","type-page","status-publish","hentry"],"yoast_head":"<!-- This site is optimized with the Yoast SEO plugin v27.3 - https:\/\/yoast.com\/product\/yoast-seo-wordpress\/ -->\n<title>Halitosis - Mima Cl\u00ednica Dental<\/title>\n<meta name=\"description\" content=\"La Halitosis o \u00a0mal al\u00e8, es el conjunt d&#039;olors desagradables que s&#039;emeten per la boca.\u00a0En la majoria dels casos, la halitosis disminueix amb un canvi d&#039;h\u00e0bits.\" \/>\n<meta name=\"robots\" content=\"index, follow, max-snippet:-1, max-image-preview:large, max-video-preview:-1\" \/>\n<link rel=\"canonical\" href=\"https:\/\/dentalesparreguera.com\/ca\/especialitats\/halitosis\/\" \/>\n<meta property=\"og:locale\" content=\"ca_ES\" \/>\n<meta property=\"og:type\" content=\"article\" \/>\n<meta property=\"og:title\" content=\"Halitosis - Mima Cl\u00ednica Dental\" \/>\n<meta property=\"og:description\" content=\"La Halitosis o \u00a0mal al\u00e8, es el conjunt d&#039;olors desagradables que s&#039;emeten per la boca.\u00a0En la majoria dels casos, la halitosis disminueix amb un canvi d&#039;h\u00e0bits.\" \/>\n<meta property=\"og:url\" content=\"https:\/\/dentalesparreguera.com\/ca\/especialitats\/halitosis\/\" \/>\n<meta property=\"og:site_name\" content=\"Mima Cl\u00ednica Dental\" \/>\n<meta property=\"article:publisher\" content=\"https:\/\/www.facebook.com\/dentalesparreguera\/\" \/>\n<meta property=\"article:modified_time\" content=\"2017-09-22T15:42:28+00:00\" \/>\n<meta name=\"twitter:card\" content=\"summary_large_image\" \/>\n<meta name=\"twitter:label1\" content=\"Temps estimat de lectura\" \/>\n\t<meta name=\"twitter:data1\" content=\"4 minuts\" \/>\n<script type=\"application\/ld+json\" class=\"yoast-schema-graph\">{\"@context\":\"https:\\\/\\\/schema.org\",\"@graph\":[{\"@type\":\"WebPage\",\"@id\":\"https:\\\/\\\/dentalesparreguera.com\\\/ca\\\/especialitats\\\/halitosis\\\/\",\"url\":\"https:\\\/\\\/dentalesparreguera.com\\\/ca\\\/especialitats\\\/halitosis\\\/\",\"name\":\"Halitosis - Mima Cl\u00ednica Dental\",\"isPartOf\":{\"@id\":\"https:\\\/\\\/dentalesparreguera.com\\\/ca\\\/#website\"},\"datePublished\":\"2015-09-16T14:05:34+00:00\",\"dateModified\":\"2017-09-22T15:42:28+00:00\",\"description\":\"La Halitosis o \u00a0mal al\u00e8, es el conjunt d'olors desagradables que s'emeten per la boca.\u00a0En la majoria dels casos, la halitosis disminueix amb un canvi d'h\u00e0bits.\",\"breadcrumb\":{\"@id\":\"https:\\\/\\\/dentalesparreguera.com\\\/ca\\\/especialitats\\\/halitosis\\\/#breadcrumb\"},\"inLanguage\":\"ca\",\"potentialAction\":[{\"@type\":\"ReadAction\",\"target\":[\"https:\\\/\\\/dentalesparreguera.com\\\/ca\\\/especialitats\\\/halitosis\\\/\"]}]},{\"@type\":\"BreadcrumbList\",\"@id\":\"https:\\\/\\\/dentalesparreguera.com\\\/ca\\\/especialitats\\\/halitosis\\\/#breadcrumb\",\"itemListElement\":[{\"@type\":\"ListItem\",\"position\":1,\"name\":\"Portada\",\"item\":\"https:\\\/\\\/dentalesparreguera.com\\\/ca\\\/\"},{\"@type\":\"ListItem\",\"position\":2,\"name\":\"Especialitats\",\"item\":\"https:\\\/\\\/dentalesparreguera.com\\\/ca\\\/especialitats\\\/\"},{\"@type\":\"ListItem\",\"position\":3,\"name\":\"Halitosis\"}]},{\"@type\":\"WebSite\",\"@id\":\"https:\\\/\\\/dentalesparreguera.com\\\/ca\\\/#website\",\"url\":\"https:\\\/\\\/dentalesparreguera.com\\\/ca\\\/\",\"name\":\"Mima Cl\u00ednica Dental\",\"description\":\"Tu Cl\u00ednica Dental de confianza en Esparreguera\",\"publisher\":{\"@id\":\"https:\\\/\\\/dentalesparreguera.com\\\/ca\\\/#organization\"},\"potentialAction\":[{\"@type\":\"SearchAction\",\"target\":{\"@type\":\"EntryPoint\",\"urlTemplate\":\"https:\\\/\\\/dentalesparreguera.com\\\/ca\\\/?s={search_term_string}\"},\"query-input\":{\"@type\":\"PropertyValueSpecification\",\"valueRequired\":true,\"valueName\":\"search_term_string\"}}],\"inLanguage\":\"ca\"},{\"@type\":\"Organization\",\"@id\":\"https:\\\/\\\/dentalesparreguera.com\\\/ca\\\/#organization\",\"name\":\"Mima Cl\u00ednica Dental\",\"url\":\"https:\\\/\\\/dentalesparreguera.com\\\/ca\\\/\",\"logo\":{\"@type\":\"ImageObject\",\"inLanguage\":\"ca\",\"@id\":\"https:\\\/\\\/dentalesparreguera.com\\\/ca\\\/#\\\/schema\\\/logo\\\/image\\\/\",\"url\":\"https:\\\/\\\/dentalesparreguera.com\\\/wp-content\\\/uploads\\\/2015\\\/08\\\/LOGOS-blog-mimaMIMA-2-150ppp.png\",\"contentUrl\":\"https:\\\/\\\/dentalesparreguera.com\\\/wp-content\\\/uploads\\\/2015\\\/08\\\/LOGOS-blog-mimaMIMA-2-150ppp.png\",\"width\":849,\"height\":403,\"caption\":\"Mima Cl\u00ednica Dental\"},\"image\":{\"@id\":\"https:\\\/\\\/dentalesparreguera.com\\\/ca\\\/#\\\/schema\\\/logo\\\/image\\\/\"},\"sameAs\":[\"https:\\\/\\\/www.facebook.com\\\/dentalesparreguera\\\/\"]}]}<\/script>\n<!-- \/ Yoast SEO plugin. -->","yoast_head_json":{"title":"Halitosis - Mima Cl\u00ednica Dental","description":"La Halitosis o \u00a0mal al\u00e8, es el conjunt d'olors desagradables que s'emeten per la boca.\u00a0En la majoria dels casos, la halitosis disminueix amb un canvi d'h\u00e0bits.","robots":{"index":"index","follow":"follow","max-snippet":"max-snippet:-1","max-image-preview":"max-image-preview:large","max-video-preview":"max-video-preview:-1"},"canonical":"https:\/\/dentalesparreguera.com\/ca\/especialitats\/halitosis\/","og_locale":"ca_ES","og_type":"article","og_title":"Halitosis - Mima Cl\u00ednica Dental","og_description":"La Halitosis o \u00a0mal al\u00e8, es el conjunt d'olors desagradables que s'emeten per la boca.\u00a0En la majoria dels casos, la halitosis disminueix amb un canvi d'h\u00e0bits.","og_url":"https:\/\/dentalesparreguera.com\/ca\/especialitats\/halitosis\/","og_site_name":"Mima Cl\u00ednica Dental","article_publisher":"https:\/\/www.facebook.com\/dentalesparreguera\/","article_modified_time":"2017-09-22T15:42:28+00:00","twitter_card":"summary_large_image","twitter_misc":{"Temps estimat de lectura":"4 minuts"},"schema":{"@context":"https:\/\/schema.org","@graph":[{"@type":"WebPage","@id":"https:\/\/dentalesparreguera.com\/ca\/especialitats\/halitosis\/","url":"https:\/\/dentalesparreguera.com\/ca\/especialitats\/halitosis\/","name":"Halitosis - Mima Cl\u00ednica Dental","isPartOf":{"@id":"https:\/\/dentalesparreguera.com\/ca\/#website"},"datePublished":"2015-09-16T14:05:34+00:00","dateModified":"2017-09-22T15:42:28+00:00","description":"La Halitosis o \u00a0mal al\u00e8, es el conjunt d'olors desagradables que s'emeten per la boca.\u00a0En la majoria dels casos, la halitosis disminueix amb un canvi d'h\u00e0bits.","breadcrumb":{"@id":"https:\/\/dentalesparreguera.com\/ca\/especialitats\/halitosis\/#breadcrumb"},"inLanguage":"ca","potentialAction":[{"@type":"ReadAction","target":["https:\/\/dentalesparreguera.com\/ca\/especialitats\/halitosis\/"]}]},{"@type":"BreadcrumbList","@id":"https:\/\/dentalesparreguera.com\/ca\/especialitats\/halitosis\/#breadcrumb","itemListElement":[{"@type":"ListItem","position":1,"name":"Portada","item":"https:\/\/dentalesparreguera.com\/ca\/"},{"@type":"ListItem","position":2,"name":"Especialitats","item":"https:\/\/dentalesparreguera.com\/ca\/especialitats\/"},{"@type":"ListItem","position":3,"name":"Halitosis"}]},{"@type":"WebSite","@id":"https:\/\/dentalesparreguera.com\/ca\/#website","url":"https:\/\/dentalesparreguera.com\/ca\/","name":"Mima Cl\u00ednica Dental","description":"Tu Cl\u00ednica Dental de confianza en Esparreguera","publisher":{"@id":"https:\/\/dentalesparreguera.com\/ca\/#organization"},"potentialAction":[{"@type":"SearchAction","target":{"@type":"EntryPoint","urlTemplate":"https:\/\/dentalesparreguera.com\/ca\/?s={search_term_string}"},"query-input":{"@type":"PropertyValueSpecification","valueRequired":true,"valueName":"search_term_string"}}],"inLanguage":"ca"},{"@type":"Organization","@id":"https:\/\/dentalesparreguera.com\/ca\/#organization","name":"Mima Cl\u00ednica Dental","url":"https:\/\/dentalesparreguera.com\/ca\/","logo":{"@type":"ImageObject","inLanguage":"ca","@id":"https:\/\/dentalesparreguera.com\/ca\/#\/schema\/logo\/image\/","url":"https:\/\/dentalesparreguera.com\/wp-content\/uploads\/2015\/08\/LOGOS-blog-mimaMIMA-2-150ppp.png","contentUrl":"https:\/\/dentalesparreguera.com\/wp-content\/uploads\/2015\/08\/LOGOS-blog-mimaMIMA-2-150ppp.png","width":849,"height":403,"caption":"Mima Cl\u00ednica Dental"},"image":{"@id":"https:\/\/dentalesparreguera.com\/ca\/#\/schema\/logo\/image\/"},"sameAs":["https:\/\/www.facebook.com\/dentalesparreguera\/"]}]}},"_links":{"self":[{"href":"https:\/\/dentalesparreguera.com\/ca\/wp-json\/wp\/v2\/pages\/11821","targetHints":{"allow":["GET"]}}],"collection":[{"href":"https:\/\/dentalesparreguera.com\/ca\/wp-json\/wp\/v2\/pages"}],"about":[{"href":"https:\/\/dentalesparreguera.com\/ca\/wp-json\/wp\/v2\/types\/page"}],"author":[{"embeddable":true,"href":"https:\/\/dentalesparreguera.com\/ca\/wp-json\/wp\/v2\/users\/5"}],"replies":[{"embeddable":true,"href":"https:\/\/dentalesparreguera.com\/ca\/wp-json\/wp\/v2\/comments?post=11821"}],"version-history":[{"count":4,"href":"https:\/\/dentalesparreguera.com\/ca\/wp-json\/wp\/v2\/pages\/11821\/revisions"}],"predecessor-version":[{"id":13005,"href":"https:\/\/dentalesparreguera.com\/ca\/wp-json\/wp\/v2\/pages\/11821\/revisions\/13005"}],"up":[{"embeddable":true,"href":"https:\/\/dentalesparreguera.com\/ca\/wp-json\/wp\/v2\/pages\/11647"}],"wp:attachment":[{"href":"https:\/\/dentalesparreguera.com\/ca\/wp-json\/wp\/v2\/media?parent=11821"}],"curies":[{"name":"wp","href":"https:\/\/api.w.org\/{rel}","templated":true}]}}