{"id":11826,"date":"2015-09-16T16:11:07","date_gmt":"2015-09-16T14:11:07","guid":{"rendered":"http:\/\/dentalesparreguera.com\/ca\/?page_id=11826"},"modified":"2017-09-22T17:46:20","modified_gmt":"2017-09-22T15:46:20","slug":"bruxisme","status":"publish","type":"page","link":"https:\/\/dentalesparreguera.com\/ca\/especialitats\/bruxisme\/","title":{"rendered":"Bruxisme"},"content":{"rendered":"<p>[et_pb_section bb_built=&#8221;1&#8243; fullwidth=&#8221;on&#8221; specialty=&#8221;off&#8221; background_image=&#8221;http:\/\/dentalesparreguera.com\/wp-content\/uploads\/2015\/09\/bruxismo.jpg&#8221; transparent_background=&#8221;off&#8221; allow_player_pause=&#8221;off&#8221; inner_shadow=&#8221;off&#8221; parallax=&#8221;off&#8221; parallax_method=&#8221;off&#8221; padding_mobile=&#8221;off&#8221; make_fullwidth=&#8221;off&#8221; use_custom_width=&#8221;off&#8221; width_unit=&#8221;on&#8221; make_equal=&#8221;off&#8221; use_custom_gutter=&#8221;off&#8221; background_color=&#8221;#ffffff&#8221; custom_padding_tablet=&#8221;50px|0|50px|0&#8243; custom_padding_last_edited=&#8221;on|desktop&#8221;][et_pb_fullwidth_header title=&#8221;Bruxisme&#8221; background_layout=&#8221;light&#8221; text_orientation=&#8221;center&#8221; header_fullscreen=&#8221;off&#8221; header_scroll_down=&#8221;off&#8221; parallax=&#8221;off&#8221; parallax_method=&#8221;off&#8221; content_orientation=&#8221;center&#8221; image_orientation=&#8221;center&#8221; custom_button_one=&#8221;off&#8221; button_one_letter_spacing=&#8221;0&#8243; button_one_use_icon=&#8221;default&#8221; button_one_icon_placement=&#8221;right&#8221; button_one_on_hover=&#8221;on&#8221; button_one_letter_spacing_hover=&#8221;0&#8243; custom_button_two=&#8221;off&#8221; button_two_letter_spacing=&#8221;0&#8243; button_two_use_icon=&#8221;default&#8221; button_two_icon_placement=&#8221;right&#8221; button_two_on_hover=&#8221;on&#8221; button_two_letter_spacing_hover=&#8221;0&#8243; background_color=&#8221;rgba(0,0,0,0.2)&#8221; subhead=&#8221;\u201cEl bruxisme \u00e9s inconscient, el primer a detectar-ho \u00e9s el dentista%22&#8243; subhead_font_size=&#8221;48px&#8221; title_font_size=&#8221;36&#8243; subhead_font=&#8221;Lobster Two||||&#8221; subhead_font_color=&#8221;#ffffff&#8221; title_font_color=&#8221;#000000&#8243; \/][\/et_pb_section][et_pb_section bb_built=&#8221;1&#8243; fullwidth=&#8221;off&#8221; specialty=&#8221;off&#8221;][et_pb_row background_position=&#8221;top_left&#8221; background_repeat=&#8221;repeat&#8221; background_size=&#8221;initial&#8221;][et_pb_column type=&#8221;1_4&#8243;][et_pb_image admin_label=&#8221;icono&#8221; src=&#8221;http:\/\/dentalesparreguera.com\/wp-content\/uploads\/2015\/09\/icono-bruxismo1.png&#8221; title_text=&#8221;Especialidad 1&#8243; show_in_lightbox=&#8221;off&#8221; url_new_window=&#8221;off&#8221; animation=&#8221;left&#8221; sticky=&#8221;off&#8221; align=&#8221;left&#8221; force_fullwidth=&#8221;off&#8221; always_center_on_mobile=&#8221;on&#8221; use_border_color=&#8221;off&#8221; border_color=&#8221;#ffffff&#8221; border_style=&#8221;solid&#8221; animation_direction=&#8221;left&#8221; animation_style=&#8221;slide&#8221; animation_duration=&#8221;500ms&#8221; animation_intensity_slide=&#8221;10%&#8221; \/][\/et_pb_column][et_pb_column type=&#8221;1_2&#8243;][et_pb_text admin_label=&#8221;bruxismo&#8221; background_layout=&#8221;light&#8221; text_orientation=&#8221;left&#8221; use_border_color=&#8221;off&#8221; border_color=&#8221;#ffffff&#8221; border_style=&#8221;solid&#8221; module_alignment=&#8221;left&#8221; background_position=&#8221;top_left&#8221; background_repeat=&#8221;repeat&#8221; background_size=&#8221;initial&#8221;]<\/p>\n<p>El bruxisme, \u00e9s l&#8217;h\u00e0bit involuntari d&#8217;estr\u00e8nyer o rechinar les estructures dentals sense prop\u00f2sits funcionals. El bruxisme afecta entre un 10 % i un 20 % de la poblaci\u00f3; i pot comportar mal de cap i dolor dels m\u00fasculs de la mand\u00edbula, coll i o\u00efda. El rechinamiento pot desgastar les dents i ser molt molest per les altres persones amb misofonia.<\/p>\n<ul>\n<li>Segons la manera de rechinar las dents<\/li>\n<li>Segons el moment de presentaci\u00f3<\/li>\n<li>Segons el grau d&#8217;afectaci\u00f3<\/li>\n<\/ul>\n<p>El bruxisme afecta a adults o nens, i a tots dos sexes per igual; encara que l&#8217;edat m\u00e9s freq\u00fcent d&#8217;inici est\u00e0 entre els 17 i els 20 anys. El bruxisme \u00e9s inconscient fins que es fa del coneixement del pacient, el primer a detectar-ho \u00e9s el dentista en observar el desgast exagerat de les dents en \u00e0rees funcionals i desgast moderat en \u00e0rees no funcionals, eixamplament de les zones oclusales i reducci\u00f3 de la dimensi\u00f3 vertical de la cara, en ocasions s\u00f3n els familiars els qui posen en alerta al pacient doncs de silenci\u00f3s es torna sonor i molest.<\/p>\n<p>El tractament est\u00e0 relacionat amb el risc de lesi\u00f3 dentaria i la seva possible afecci\u00f3 muscular. En els casos m\u00e9s greus, \u00e9s necess\u00e0ria la col\u00b7locaci\u00f3 d&#8217;una protecci\u00f3 dental de resina o pl\u00e0stic, coneguda com a f\u00e8rula de desc\u00e0rrega, per impedir la lesi\u00f3 permanent i afecci\u00f3 de les dents.<\/p>\n<p>La f\u00e8rula de desc\u00e0rrega, des dels seus primers dies del seu \u00fas, elimina el dolor de mand\u00edbula, de cap o d&#8217;o\u00efdes, aix\u00ed com altres mol\u00e8sties que puguin haver aparegut degudes al desgast de la musculatura de la mand\u00edbula i fins i tot sense l&#8217;\u00fas de la f\u00e8rula es poden arribar a tenir marejos a causa de la gran pressi\u00f3 exercida sobre la mand\u00edbula.<\/p>\n<p>[\/et_pb_text][\/et_pb_column][et_pb_column type=&#8221;1_4&#8243;][et_pb_sidebar orientation=&#8221;right&#8221; area=&#8221;et_pb_widget_area_2&#8243; background_layout=&#8221;light&#8221; remove_border=&#8221;off&#8221; show_border=&#8221;off&#8221; _builder_version=&#8221;3.0.76&#8243; \/][\/et_pb_column][\/et_pb_row][et_pb_row background_position=&#8221;top_left&#8221; background_repeat=&#8221;repeat&#8221; background_size=&#8221;initial&#8221;][et_pb_column type=&#8221;1_4&#8243;][\/et_pb_column][et_pb_column type=&#8221;1_4&#8243;][et_pb_text admin_label=&#8221;Motivos&#8221; background_layout=&#8221;light&#8221; text_orientation=&#8221;left&#8221; use_border_color=&#8221;off&#8221; border_color=&#8221;#ffffff&#8221; border_style=&#8221;solid&#8221; module_alignment=&#8221;left&#8221; background_position=&#8221;top_left&#8221; background_repeat=&#8221;repeat&#8221; background_size=&#8221;initial&#8221;]<\/p>\n<h3>Motius<\/h3>\n<ul>\n<li>Estr\u00e8s<\/li>\n<li>Mala posici\u00f3 dental<\/li>\n<li>Postura<\/li>\n<li>Dieta<\/li>\n<li>H\u00e0bits de dormir<\/li>\n<\/ul>\n<p>[\/et_pb_text][\/et_pb_column][et_pb_column type=&#8221;1_4&#8243;][et_pb_text admin_label=&#8221;Efectos&#8221; background_layout=&#8221;light&#8221; text_orientation=&#8221;left&#8221; use_border_color=&#8221;off&#8221; border_color=&#8221;#ffffff&#8221; border_style=&#8221;solid&#8221; module_alignment=&#8221;left&#8221; background_position=&#8221;top_left&#8221; background_repeat=&#8221;repeat&#8221; background_size=&#8221;initial&#8221;]<\/p>\n<h3>Efectes<\/h3>\n<ul>\n<li>Mal de cap<\/li>\n<li>Sensibilitat muscular (sobretot als matins)<\/li>\n<li>Insomni<\/li>\n<li>Sensibilitat en les dents als contrastos de temperatura (fred\/calent)<\/li>\n<li>Dolor o inflamaci\u00f3 de la mand\u00edbula<\/li>\n<\/ul>\n<p>[\/et_pb_text][\/et_pb_column][et_pb_column type=&#8221;1_4&#8243;][\/et_pb_column][\/et_pb_row][\/et_pb_section]<\/p>\n","protected":false},"excerpt":{"rendered":"<p>El bruxisme, \u00e9s l&#8217;h\u00e0bit involuntari d&#8217;estr\u00e8nyer o rechinar les estructures dentals sense prop\u00f2sits funcionals. El bruxisme afecta entre un 10 % i un 20 % de la poblaci\u00f3; i pot comportar mal de cap i dolor dels m\u00fasculs de la mand\u00edbula, coll i o\u00efda. El rechinamiento pot desgastar les dents i ser molt molest per [&hellip;]<\/p>\n","protected":false},"author":5,"featured_media":0,"parent":11647,"menu_order":14,"comment_status":"closed","ping_status":"closed","template":"","meta":{"_et_pb_use_builder":"on","_et_pb_old_content":"","_et_gb_content_width":"","_joinchat":[],"footnotes":""},"class_list":["post-11826","page","type-page","status-publish","hentry"],"yoast_head":"<!-- This site is optimized with the Yoast SEO plugin v27.3 - https:\/\/yoast.com\/product\/yoast-seo-wordpress\/ -->\n<title>Bruxisme - Mima Cl\u00ednica Dental<\/title>\n<meta name=\"robots\" content=\"index, follow, max-snippet:-1, max-image-preview:large, max-video-preview:-1\" \/>\n<link rel=\"canonical\" href=\"https:\/\/dentalesparreguera.com\/ca\/especialitats\/bruxisme\/\" \/>\n<meta property=\"og:locale\" content=\"ca_ES\" \/>\n<meta property=\"og:type\" content=\"article\" \/>\n<meta property=\"og:title\" content=\"Bruxisme - Mima Cl\u00ednica Dental\" \/>\n<meta property=\"og:description\" content=\"El bruxisme, \u00e9s l&#039;h\u00e0bit involuntari d&#039;estr\u00e8nyer o rechinar les estructures dentals sense prop\u00f2sits funcionals. El bruxisme afecta entre un 10 % i un 20 % de la poblaci\u00f3; i pot comportar mal de cap i dolor dels m\u00fasculs de la mand\u00edbula, coll i o\u00efda. El rechinamiento pot desgastar les dents i ser molt molest per [&hellip;]\" \/>\n<meta property=\"og:url\" content=\"https:\/\/dentalesparreguera.com\/ca\/especialitats\/bruxisme\/\" \/>\n<meta property=\"og:site_name\" content=\"Mima Cl\u00ednica Dental\" \/>\n<meta property=\"article:publisher\" content=\"https:\/\/www.facebook.com\/dentalesparreguera\/\" \/>\n<meta property=\"article:modified_time\" content=\"2017-09-22T15:46:20+00:00\" \/>\n<meta name=\"twitter:card\" content=\"summary_large_image\" \/>\n<meta name=\"twitter:label1\" content=\"Temps estimat de lectura\" \/>\n\t<meta name=\"twitter:data1\" content=\"4 minuts\" \/>\n<script type=\"application\/ld+json\" class=\"yoast-schema-graph\">{\"@context\":\"https:\\\/\\\/schema.org\",\"@graph\":[{\"@type\":\"WebPage\",\"@id\":\"https:\\\/\\\/dentalesparreguera.com\\\/ca\\\/especialitats\\\/bruxisme\\\/\",\"url\":\"https:\\\/\\\/dentalesparreguera.com\\\/ca\\\/especialitats\\\/bruxisme\\\/\",\"name\":\"Bruxisme - Mima Cl\u00ednica Dental\",\"isPartOf\":{\"@id\":\"https:\\\/\\\/dentalesparreguera.com\\\/ca\\\/#website\"},\"datePublished\":\"2015-09-16T14:11:07+00:00\",\"dateModified\":\"2017-09-22T15:46:20+00:00\",\"breadcrumb\":{\"@id\":\"https:\\\/\\\/dentalesparreguera.com\\\/ca\\\/especialitats\\\/bruxisme\\\/#breadcrumb\"},\"inLanguage\":\"ca\",\"potentialAction\":[{\"@type\":\"ReadAction\",\"target\":[\"https:\\\/\\\/dentalesparreguera.com\\\/ca\\\/especialitats\\\/bruxisme\\\/\"]}]},{\"@type\":\"BreadcrumbList\",\"@id\":\"https:\\\/\\\/dentalesparreguera.com\\\/ca\\\/especialitats\\\/bruxisme\\\/#breadcrumb\",\"itemListElement\":[{\"@type\":\"ListItem\",\"position\":1,\"name\":\"Portada\",\"item\":\"https:\\\/\\\/dentalesparreguera.com\\\/ca\\\/\"},{\"@type\":\"ListItem\",\"position\":2,\"name\":\"Especialitats\",\"item\":\"https:\\\/\\\/dentalesparreguera.com\\\/ca\\\/especialitats\\\/\"},{\"@type\":\"ListItem\",\"position\":3,\"name\":\"Bruxisme\"}]},{\"@type\":\"WebSite\",\"@id\":\"https:\\\/\\\/dentalesparreguera.com\\\/ca\\\/#website\",\"url\":\"https:\\\/\\\/dentalesparreguera.com\\\/ca\\\/\",\"name\":\"Mima Cl\u00ednica Dental\",\"description\":\"Tu Cl\u00ednica Dental de confianza en Esparreguera\",\"publisher\":{\"@id\":\"https:\\\/\\\/dentalesparreguera.com\\\/ca\\\/#organization\"},\"potentialAction\":[{\"@type\":\"SearchAction\",\"target\":{\"@type\":\"EntryPoint\",\"urlTemplate\":\"https:\\\/\\\/dentalesparreguera.com\\\/ca\\\/?s={search_term_string}\"},\"query-input\":{\"@type\":\"PropertyValueSpecification\",\"valueRequired\":true,\"valueName\":\"search_term_string\"}}],\"inLanguage\":\"ca\"},{\"@type\":\"Organization\",\"@id\":\"https:\\\/\\\/dentalesparreguera.com\\\/ca\\\/#organization\",\"name\":\"Mima Cl\u00ednica Dental\",\"url\":\"https:\\\/\\\/dentalesparreguera.com\\\/ca\\\/\",\"logo\":{\"@type\":\"ImageObject\",\"inLanguage\":\"ca\",\"@id\":\"https:\\\/\\\/dentalesparreguera.com\\\/ca\\\/#\\\/schema\\\/logo\\\/image\\\/\",\"url\":\"https:\\\/\\\/dentalesparreguera.com\\\/wp-content\\\/uploads\\\/2015\\\/08\\\/LOGOS-blog-mimaMIMA-2-150ppp.png\",\"contentUrl\":\"https:\\\/\\\/dentalesparreguera.com\\\/wp-content\\\/uploads\\\/2015\\\/08\\\/LOGOS-blog-mimaMIMA-2-150ppp.png\",\"width\":849,\"height\":403,\"caption\":\"Mima Cl\u00ednica Dental\"},\"image\":{\"@id\":\"https:\\\/\\\/dentalesparreguera.com\\\/ca\\\/#\\\/schema\\\/logo\\\/image\\\/\"},\"sameAs\":[\"https:\\\/\\\/www.facebook.com\\\/dentalesparreguera\\\/\"]}]}<\/script>\n<!-- \/ Yoast SEO plugin. -->","yoast_head_json":{"title":"Bruxisme - Mima Cl\u00ednica Dental","robots":{"index":"index","follow":"follow","max-snippet":"max-snippet:-1","max-image-preview":"max-image-preview:large","max-video-preview":"max-video-preview:-1"},"canonical":"https:\/\/dentalesparreguera.com\/ca\/especialitats\/bruxisme\/","og_locale":"ca_ES","og_type":"article","og_title":"Bruxisme - Mima Cl\u00ednica Dental","og_description":"El bruxisme, \u00e9s l'h\u00e0bit involuntari d'estr\u00e8nyer o rechinar les estructures dentals sense prop\u00f2sits funcionals. El bruxisme afecta entre un 10 % i un 20 % de la poblaci\u00f3; i pot comportar mal de cap i dolor dels m\u00fasculs de la mand\u00edbula, coll i o\u00efda. El rechinamiento pot desgastar les dents i ser molt molest per [&hellip;]","og_url":"https:\/\/dentalesparreguera.com\/ca\/especialitats\/bruxisme\/","og_site_name":"Mima Cl\u00ednica Dental","article_publisher":"https:\/\/www.facebook.com\/dentalesparreguera\/","article_modified_time":"2017-09-22T15:46:20+00:00","twitter_card":"summary_large_image","twitter_misc":{"Temps estimat de lectura":"4 minuts"},"schema":{"@context":"https:\/\/schema.org","@graph":[{"@type":"WebPage","@id":"https:\/\/dentalesparreguera.com\/ca\/especialitats\/bruxisme\/","url":"https:\/\/dentalesparreguera.com\/ca\/especialitats\/bruxisme\/","name":"Bruxisme - Mima Cl\u00ednica Dental","isPartOf":{"@id":"https:\/\/dentalesparreguera.com\/ca\/#website"},"datePublished":"2015-09-16T14:11:07+00:00","dateModified":"2017-09-22T15:46:20+00:00","breadcrumb":{"@id":"https:\/\/dentalesparreguera.com\/ca\/especialitats\/bruxisme\/#breadcrumb"},"inLanguage":"ca","potentialAction":[{"@type":"ReadAction","target":["https:\/\/dentalesparreguera.com\/ca\/especialitats\/bruxisme\/"]}]},{"@type":"BreadcrumbList","@id":"https:\/\/dentalesparreguera.com\/ca\/especialitats\/bruxisme\/#breadcrumb","itemListElement":[{"@type":"ListItem","position":1,"name":"Portada","item":"https:\/\/dentalesparreguera.com\/ca\/"},{"@type":"ListItem","position":2,"name":"Especialitats","item":"https:\/\/dentalesparreguera.com\/ca\/especialitats\/"},{"@type":"ListItem","position":3,"name":"Bruxisme"}]},{"@type":"WebSite","@id":"https:\/\/dentalesparreguera.com\/ca\/#website","url":"https:\/\/dentalesparreguera.com\/ca\/","name":"Mima Cl\u00ednica Dental","description":"Tu Cl\u00ednica Dental de confianza en Esparreguera","publisher":{"@id":"https:\/\/dentalesparreguera.com\/ca\/#organization"},"potentialAction":[{"@type":"SearchAction","target":{"@type":"EntryPoint","urlTemplate":"https:\/\/dentalesparreguera.com\/ca\/?s={search_term_string}"},"query-input":{"@type":"PropertyValueSpecification","valueRequired":true,"valueName":"search_term_string"}}],"inLanguage":"ca"},{"@type":"Organization","@id":"https:\/\/dentalesparreguera.com\/ca\/#organization","name":"Mima Cl\u00ednica Dental","url":"https:\/\/dentalesparreguera.com\/ca\/","logo":{"@type":"ImageObject","inLanguage":"ca","@id":"https:\/\/dentalesparreguera.com\/ca\/#\/schema\/logo\/image\/","url":"https:\/\/dentalesparreguera.com\/wp-content\/uploads\/2015\/08\/LOGOS-blog-mimaMIMA-2-150ppp.png","contentUrl":"https:\/\/dentalesparreguera.com\/wp-content\/uploads\/2015\/08\/LOGOS-blog-mimaMIMA-2-150ppp.png","width":849,"height":403,"caption":"Mima Cl\u00ednica Dental"},"image":{"@id":"https:\/\/dentalesparreguera.com\/ca\/#\/schema\/logo\/image\/"},"sameAs":["https:\/\/www.facebook.com\/dentalesparreguera\/"]}]}},"_links":{"self":[{"href":"https:\/\/dentalesparreguera.com\/ca\/wp-json\/wp\/v2\/pages\/11826","targetHints":{"allow":["GET"]}}],"collection":[{"href":"https:\/\/dentalesparreguera.com\/ca\/wp-json\/wp\/v2\/pages"}],"about":[{"href":"https:\/\/dentalesparreguera.com\/ca\/wp-json\/wp\/v2\/types\/page"}],"author":[{"embeddable":true,"href":"https:\/\/dentalesparreguera.com\/ca\/wp-json\/wp\/v2\/users\/5"}],"replies":[{"embeddable":true,"href":"https:\/\/dentalesparreguera.com\/ca\/wp-json\/wp\/v2\/comments?post=11826"}],"version-history":[{"count":4,"href":"https:\/\/dentalesparreguera.com\/ca\/wp-json\/wp\/v2\/pages\/11826\/revisions"}],"predecessor-version":[{"id":13006,"href":"https:\/\/dentalesparreguera.com\/ca\/wp-json\/wp\/v2\/pages\/11826\/revisions\/13006"}],"up":[{"embeddable":true,"href":"https:\/\/dentalesparreguera.com\/ca\/wp-json\/wp\/v2\/pages\/11647"}],"wp:attachment":[{"href":"https:\/\/dentalesparreguera.com\/ca\/wp-json\/wp\/v2\/media?parent=11826"}],"curies":[{"name":"wp","href":"https:\/\/api.w.org\/{rel}","templated":true}]}}