{"id":11852,"date":"2015-11-02T21:35:51","date_gmt":"2015-11-02T19:35:51","guid":{"rendered":"http:\/\/dentalesparreguera.com\/ca\/?page_id=11852"},"modified":"2016-03-23T20:31:36","modified_gmt":"2016-03-23T18:31:36","slug":"pnl","status":"publish","type":"page","link":"https:\/\/dentalesparreguera.com\/ca\/pnl\/","title":{"rendered":"PNL"},"content":{"rendered":"<p>[et_pb_section admin_label=&#8221;Secci\u00f3n&#8221; fullwidth=&#8221;on&#8221; specialty=&#8221;off&#8221; background_image=&#8221;http:\/\/dentalesparreguera.com\/wp-content\/uploads\/2015\/10\/logopedia.jpg&#8221; transparent_background=&#8221;off&#8221; allow_player_pause=&#8221;off&#8221; inner_shadow=&#8221;off&#8221; parallax=&#8221;off&#8221; parallax_method=&#8221;off&#8221; padding_mobile=&#8221;off&#8221; make_fullwidth=&#8221;off&#8221; use_custom_width=&#8221;off&#8221; width_unit=&#8221;on&#8221; make_equal=&#8221;off&#8221; use_custom_gutter=&#8221;off&#8221; background_color=&#8221;#ffffff&#8221; gutter_width=&#8221;3&#8243;][et_pb_fullwidth_header admin_label=&#8221;T\u00edtulo de anchura completa&#8221; title=&#8221;Programaci\u00f3 Neuroling\u00fc\u00edstica&#8221; background_layout=&#8221;light&#8221; text_orientation=&#8221;center&#8221; header_fullscreen=&#8221;off&#8221; header_scroll_down=&#8221;off&#8221; parallax=&#8221;off&#8221; parallax_method=&#8221;off&#8221; content_orientation=&#8221;center&#8221; image_orientation=&#8221;center&#8221; custom_button_one=&#8221;off&#8221; button_one_letter_spacing=&#8221;0&#8243; button_one_use_icon=&#8221;default&#8221; button_one_icon_placement=&#8221;right&#8221; button_one_on_hover=&#8221;on&#8221; button_one_letter_spacing_hover=&#8221;0&#8243; custom_button_two=&#8221;off&#8221; button_two_letter_spacing=&#8221;0&#8243; button_two_use_icon=&#8221;default&#8221; button_two_icon_placement=&#8221;right&#8221; button_two_on_hover=&#8221;on&#8221; button_two_letter_spacing_hover=&#8221;0&#8243; background_color=&#8221;rgba(255,255,255,0.3)&#8221; subhead=&#8221;Tota persona t\u00e9 el seu propi mapa del m\u00f3n&#8221; subhead_font_size=&#8221;48px&#8221; title_font_size=&#8221;36&#8243; subhead_font=&#8221;Lobster Two||||&#8221; subhead_font_color=&#8221;#ffffff&#8221; title_font_color=&#8221;#000000&#8243;]<\/p>\n<p>[\/et_pb_fullwidth_header][\/et_pb_section][et_pb_section admin_label=&#8221;Secci\u00f3n&#8221; fullwidth=&#8221;off&#8221; specialty=&#8221;off&#8221;][et_pb_row admin_label=&#8221;Fila&#8221;][et_pb_column type=&#8221;1_4&#8243;][et_pb_image admin_label=&#8221;Imagen&#8221; src=&#8221;http:\/\/dentalesparreguera.com\/wp-content\/uploads\/2015\/10\/woman-570883_640.jpg&#8221; show_in_lightbox=&#8221;off&#8221; url_new_window=&#8221;off&#8221; animation=&#8221;left&#8221; sticky=&#8221;off&#8221; align=&#8221;left&#8221; force_fullwidth=&#8221;off&#8221; always_center_on_mobile=&#8221;on&#8221; use_border_color=&#8221;off&#8221; border_color=&#8221;#ffffff&#8221; border_style=&#8221;solid&#8221; alt=&#8221;Amanecer &#8211; PNL&#8221;]<\/p>\n<p>[\/et_pb_image][\/et_pb_column][et_pb_column type=&#8221;1_2&#8243;][et_pb_text admin_label=&#8221;PNL&#8221; background_layout=&#8221;light&#8221; text_orientation=&#8221;left&#8221; use_border_color=&#8221;off&#8221; border_color=&#8221;#ffffff&#8221; border_style=&#8221;solid&#8221;]<\/p>\n<p>La Programaci\u00f3 Neuroling\u00fc\u00edstica (PNL) \u00e9s un model de comunicaci\u00f3 conformat per una s\u00e8rie de t\u00e8cniques, l&#8217;aprenentatge de les quals i pr\u00e0ctica estan enfocats al desenvolupament hum\u00e0.<br \/>\nSost\u00e9 que en \u00faltima inst\u00e0ncia tota conducta humana es desenvolupa sobre una \u201cestructura\u201d apresa, la qual pot ser detectada per ser modelada per altres persones i obtenir amb aix\u00f2 similars resultats. \u00c9s un model sobre com treballa la nostra ment, com en aix\u00f2 afecta el llenguatge i com usar aquest coneixement per programar-nos a nosaltres mateixos en el sentit d&#8217;aconseguir que la nostra vida i les coses que fem ens resultin f\u00e0cils i al mateix temps eficients.<\/p>\n<p><strong>Programaci\u00f3<\/strong> A trav\u00e9s dels nostres sentits percebem i generem programes. I a trav\u00e9s dels nostres sentits tornem a percebre i executem programes ja apresos.<\/p>\n<p><strong>Neuro<\/strong> Perqu\u00e8 tota la nostra activitat es realitza a trav\u00e9s del nostre sistema neurol\u00f2gic. Les neurones sensorials ens porten la informaci\u00f3 percebuda cap al nostre cervell. Les neurones motores fan que executem el programa.<\/p>\n<p><strong>Ling\u00fc\u00edstica<\/strong> Els nostres programes els executem a trav\u00e9s del llenguatge, incloent el llenguatge corporal. La comunicaci\u00f3, com percebem i ens perceben.<\/p>\n<p><strong>Tota persona t\u00e9 el seu propi mapa del m\u00f3n<\/strong>. La construcci\u00f3 del mateix est\u00e0 determinada per factors gen\u00e8tics, soci-culturals i la hist\u00f2ria personal de cada individu. <strong>Cap mapa d&#8217;alg\u00fa \u00e9s m\u00e9s real o veritable que el mapa d&#8217;uns altres.<\/strong> En la vida no existeixen fracassos, solament resultats dels quals podem aprendre i construir.<\/p>\n<h3>Aplicacions<\/h3>\n<p>La  PNL s&#8217;aplica en el camp personal, terap\u00e8utic i professional. Amb la PNL podem tractar: Ansietat, Estr\u00e8s, F\u00f2bies, Problemes de Pareja, Addiccions, Complexos i generar major Confian\u00e7a, Motivaci\u00f3, Comprensi\u00f3, Autoestima. Perfeccionar-nos que necessitem tenir a l&#8217;abast de la nostra m\u00e0. Els mapes es poden canviar, enriquir i ampliar per adequar-los a la realitzaci\u00f3 i felicitat que anhelem.<\/p>\n<p>Sovint la gent entrem en conflicte perqu\u00e8 hi ha diferents parts internes amb interessos i valors diferents. Podem aprendre a integrar-les i harmonitzar-les per desenvolupar el nostre m\u00e0xim potencial. La PNL \u00e9s l&#8217;art i la ci\u00e8ncia de l&#8217;excel\u00b7l\u00e8ncia personal.<\/p>\n<blockquote><p>\u201c\u00c9s un art, perqu\u00e8 cadascun d\u00f3na el seu toc \u00fanic i personal i estil al que est\u00e0 fent, i aix\u00f2 mai es pot expressar amb paraules o t\u00e8cniques.<br \/>\n\u00c9s una ci\u00e8ncia, perqu\u00e8 hi ha un m\u00e8tode i un proc\u00e9s per descobrir els models emprats per individus excel\u00b7lents\u201d<br \/>\n<strong>Joseph O\u2019Connor \/ Jonn Seymour<\/strong><\/p><\/blockquote>\n<p>[\/et_pb_text][\/et_pb_column][et_pb_column type=&#8221;1_4&#8243;][et_pb_sidebar admin_label=&#8221;Barra lateral&#8221; orientation=&#8221;right&#8221; area=&#8221;et_pb_widget_area_4&#8243; background_layout=&#8221;light&#8221; remove_border=&#8221;off&#8221;]<\/p>\n<p>[\/et_pb_sidebar][\/et_pb_column][\/et_pb_row][\/et_pb_section]<\/p>\n","protected":false},"excerpt":{"rendered":"<p>La Programaci\u00f3 Neuroling\u00fc\u00edstica (PNL) \u00e9s un model de comunicaci\u00f3 conformat per una s\u00e8rie de t\u00e8cniques, l&#8217;aprenentatge de les quals i pr\u00e0ctica estan enfocats al desenvolupament hum\u00e0. Sost\u00e9 que en \u00faltima inst\u00e0ncia tota conducta humana es desenvolupa sobre una \u201cestructura\u201d apresa, la qual pot ser detectada per ser modelada per altres persones i obtenir amb aix\u00f2 [&hellip;]<\/p>\n","protected":false},"author":5,"featured_media":0,"parent":0,"menu_order":14,"comment_status":"closed","ping_status":"closed","template":"","meta":{"_et_pb_use_builder":"on","_et_pb_old_content":"","_et_gb_content_width":"","_joinchat":[],"footnotes":""},"class_list":["post-11852","page","type-page","status-publish","hentry"],"yoast_head":"<!-- This site is optimized with the Yoast SEO plugin v27.3 - https:\/\/yoast.com\/product\/yoast-seo-wordpress\/ -->\n<title>PNL - Mima Cl\u00ednica Dental<\/title>\n<meta name=\"robots\" content=\"index, follow, max-snippet:-1, max-image-preview:large, max-video-preview:-1\" \/>\n<link rel=\"canonical\" href=\"https:\/\/dentalesparreguera.com\/ca\/pnl\/\" \/>\n<meta property=\"og:locale\" content=\"ca_ES\" \/>\n<meta property=\"og:type\" content=\"article\" \/>\n<meta property=\"og:title\" content=\"PNL - Mima Cl\u00ednica Dental\" \/>\n<meta property=\"og:description\" content=\"La Programaci\u00f3 Neuroling\u00fc\u00edstica (PNL) \u00e9s un model de comunicaci\u00f3 conformat per una s\u00e8rie de t\u00e8cniques, l&#039;aprenentatge de les quals i pr\u00e0ctica estan enfocats al desenvolupament hum\u00e0. Sost\u00e9 que en \u00faltima inst\u00e0ncia tota conducta humana es desenvolupa sobre una \u201cestructura\u201d apresa, la qual pot ser detectada per ser modelada per altres persones i obtenir amb aix\u00f2 [&hellip;]\" \/>\n<meta property=\"og:url\" content=\"https:\/\/dentalesparreguera.com\/ca\/pnl\/\" \/>\n<meta property=\"og:site_name\" content=\"Mima Cl\u00ednica Dental\" \/>\n<meta property=\"article:publisher\" content=\"https:\/\/www.facebook.com\/dentalesparreguera\/\" \/>\n<meta property=\"article:modified_time\" content=\"2016-03-23T18:31:36+00:00\" \/>\n<meta name=\"twitter:card\" content=\"summary_large_image\" \/>\n<meta name=\"twitter:label1\" content=\"Temps estimat de lectura\" \/>\n\t<meta name=\"twitter:data1\" content=\"4 minuts\" \/>\n<script type=\"application\/ld+json\" class=\"yoast-schema-graph\">{\"@context\":\"https:\\\/\\\/schema.org\",\"@graph\":[{\"@type\":\"WebPage\",\"@id\":\"https:\\\/\\\/dentalesparreguera.com\\\/ca\\\/pnl\\\/\",\"url\":\"https:\\\/\\\/dentalesparreguera.com\\\/ca\\\/pnl\\\/\",\"name\":\"PNL - Mima Cl\u00ednica Dental\",\"isPartOf\":{\"@id\":\"https:\\\/\\\/dentalesparreguera.com\\\/ca\\\/#website\"},\"datePublished\":\"2015-11-02T19:35:51+00:00\",\"dateModified\":\"2016-03-23T18:31:36+00:00\",\"breadcrumb\":{\"@id\":\"https:\\\/\\\/dentalesparreguera.com\\\/ca\\\/pnl\\\/#breadcrumb\"},\"inLanguage\":\"ca\",\"potentialAction\":[{\"@type\":\"ReadAction\",\"target\":[\"https:\\\/\\\/dentalesparreguera.com\\\/ca\\\/pnl\\\/\"]}]},{\"@type\":\"BreadcrumbList\",\"@id\":\"https:\\\/\\\/dentalesparreguera.com\\\/ca\\\/pnl\\\/#breadcrumb\",\"itemListElement\":[{\"@type\":\"ListItem\",\"position\":1,\"name\":\"Portada\",\"item\":\"https:\\\/\\\/dentalesparreguera.com\\\/ca\\\/\"},{\"@type\":\"ListItem\",\"position\":2,\"name\":\"PNL\"}]},{\"@type\":\"WebSite\",\"@id\":\"https:\\\/\\\/dentalesparreguera.com\\\/ca\\\/#website\",\"url\":\"https:\\\/\\\/dentalesparreguera.com\\\/ca\\\/\",\"name\":\"Mima Cl\u00ednica Dental\",\"description\":\"Tu Cl\u00ednica Dental de confianza en Esparreguera\",\"publisher\":{\"@id\":\"https:\\\/\\\/dentalesparreguera.com\\\/ca\\\/#organization\"},\"potentialAction\":[{\"@type\":\"SearchAction\",\"target\":{\"@type\":\"EntryPoint\",\"urlTemplate\":\"https:\\\/\\\/dentalesparreguera.com\\\/ca\\\/?s={search_term_string}\"},\"query-input\":{\"@type\":\"PropertyValueSpecification\",\"valueRequired\":true,\"valueName\":\"search_term_string\"}}],\"inLanguage\":\"ca\"},{\"@type\":\"Organization\",\"@id\":\"https:\\\/\\\/dentalesparreguera.com\\\/ca\\\/#organization\",\"name\":\"Mima Cl\u00ednica Dental\",\"url\":\"https:\\\/\\\/dentalesparreguera.com\\\/ca\\\/\",\"logo\":{\"@type\":\"ImageObject\",\"inLanguage\":\"ca\",\"@id\":\"https:\\\/\\\/dentalesparreguera.com\\\/ca\\\/#\\\/schema\\\/logo\\\/image\\\/\",\"url\":\"https:\\\/\\\/dentalesparreguera.com\\\/wp-content\\\/uploads\\\/2015\\\/08\\\/LOGOS-blog-mimaMIMA-2-150ppp.png\",\"contentUrl\":\"https:\\\/\\\/dentalesparreguera.com\\\/wp-content\\\/uploads\\\/2015\\\/08\\\/LOGOS-blog-mimaMIMA-2-150ppp.png\",\"width\":849,\"height\":403,\"caption\":\"Mima Cl\u00ednica Dental\"},\"image\":{\"@id\":\"https:\\\/\\\/dentalesparreguera.com\\\/ca\\\/#\\\/schema\\\/logo\\\/image\\\/\"},\"sameAs\":[\"https:\\\/\\\/www.facebook.com\\\/dentalesparreguera\\\/\"]}]}<\/script>\n<!-- \/ Yoast SEO plugin. -->","yoast_head_json":{"title":"PNL - Mima Cl\u00ednica Dental","robots":{"index":"index","follow":"follow","max-snippet":"max-snippet:-1","max-image-preview":"max-image-preview:large","max-video-preview":"max-video-preview:-1"},"canonical":"https:\/\/dentalesparreguera.com\/ca\/pnl\/","og_locale":"ca_ES","og_type":"article","og_title":"PNL - Mima Cl\u00ednica Dental","og_description":"La Programaci\u00f3 Neuroling\u00fc\u00edstica (PNL) \u00e9s un model de comunicaci\u00f3 conformat per una s\u00e8rie de t\u00e8cniques, l'aprenentatge de les quals i pr\u00e0ctica estan enfocats al desenvolupament hum\u00e0. Sost\u00e9 que en \u00faltima inst\u00e0ncia tota conducta humana es desenvolupa sobre una \u201cestructura\u201d apresa, la qual pot ser detectada per ser modelada per altres persones i obtenir amb aix\u00f2 [&hellip;]","og_url":"https:\/\/dentalesparreguera.com\/ca\/pnl\/","og_site_name":"Mima Cl\u00ednica Dental","article_publisher":"https:\/\/www.facebook.com\/dentalesparreguera\/","article_modified_time":"2016-03-23T18:31:36+00:00","twitter_card":"summary_large_image","twitter_misc":{"Temps estimat de lectura":"4 minuts"},"schema":{"@context":"https:\/\/schema.org","@graph":[{"@type":"WebPage","@id":"https:\/\/dentalesparreguera.com\/ca\/pnl\/","url":"https:\/\/dentalesparreguera.com\/ca\/pnl\/","name":"PNL - Mima Cl\u00ednica Dental","isPartOf":{"@id":"https:\/\/dentalesparreguera.com\/ca\/#website"},"datePublished":"2015-11-02T19:35:51+00:00","dateModified":"2016-03-23T18:31:36+00:00","breadcrumb":{"@id":"https:\/\/dentalesparreguera.com\/ca\/pnl\/#breadcrumb"},"inLanguage":"ca","potentialAction":[{"@type":"ReadAction","target":["https:\/\/dentalesparreguera.com\/ca\/pnl\/"]}]},{"@type":"BreadcrumbList","@id":"https:\/\/dentalesparreguera.com\/ca\/pnl\/#breadcrumb","itemListElement":[{"@type":"ListItem","position":1,"name":"Portada","item":"https:\/\/dentalesparreguera.com\/ca\/"},{"@type":"ListItem","position":2,"name":"PNL"}]},{"@type":"WebSite","@id":"https:\/\/dentalesparreguera.com\/ca\/#website","url":"https:\/\/dentalesparreguera.com\/ca\/","name":"Mima Cl\u00ednica Dental","description":"Tu Cl\u00ednica Dental de confianza en Esparreguera","publisher":{"@id":"https:\/\/dentalesparreguera.com\/ca\/#organization"},"potentialAction":[{"@type":"SearchAction","target":{"@type":"EntryPoint","urlTemplate":"https:\/\/dentalesparreguera.com\/ca\/?s={search_term_string}"},"query-input":{"@type":"PropertyValueSpecification","valueRequired":true,"valueName":"search_term_string"}}],"inLanguage":"ca"},{"@type":"Organization","@id":"https:\/\/dentalesparreguera.com\/ca\/#organization","name":"Mima Cl\u00ednica Dental","url":"https:\/\/dentalesparreguera.com\/ca\/","logo":{"@type":"ImageObject","inLanguage":"ca","@id":"https:\/\/dentalesparreguera.com\/ca\/#\/schema\/logo\/image\/","url":"https:\/\/dentalesparreguera.com\/wp-content\/uploads\/2015\/08\/LOGOS-blog-mimaMIMA-2-150ppp.png","contentUrl":"https:\/\/dentalesparreguera.com\/wp-content\/uploads\/2015\/08\/LOGOS-blog-mimaMIMA-2-150ppp.png","width":849,"height":403,"caption":"Mima Cl\u00ednica Dental"},"image":{"@id":"https:\/\/dentalesparreguera.com\/ca\/#\/schema\/logo\/image\/"},"sameAs":["https:\/\/www.facebook.com\/dentalesparreguera\/"]}]}},"_links":{"self":[{"href":"https:\/\/dentalesparreguera.com\/ca\/wp-json\/wp\/v2\/pages\/11852","targetHints":{"allow":["GET"]}}],"collection":[{"href":"https:\/\/dentalesparreguera.com\/ca\/wp-json\/wp\/v2\/pages"}],"about":[{"href":"https:\/\/dentalesparreguera.com\/ca\/wp-json\/wp\/v2\/types\/page"}],"author":[{"embeddable":true,"href":"https:\/\/dentalesparreguera.com\/ca\/wp-json\/wp\/v2\/users\/5"}],"replies":[{"embeddable":true,"href":"https:\/\/dentalesparreguera.com\/ca\/wp-json\/wp\/v2\/comments?post=11852"}],"version-history":[{"count":2,"href":"https:\/\/dentalesparreguera.com\/ca\/wp-json\/wp\/v2\/pages\/11852\/revisions"}],"predecessor-version":[{"id":11957,"href":"https:\/\/dentalesparreguera.com\/ca\/wp-json\/wp\/v2\/pages\/11852\/revisions\/11957"}],"wp:attachment":[{"href":"https:\/\/dentalesparreguera.com\/ca\/wp-json\/wp\/v2\/media?parent=11852"}],"curies":[{"name":"wp","href":"https:\/\/api.w.org\/{rel}","templated":true}]}}