{"id":11858,"date":"2015-11-02T21:31:13","date_gmt":"2015-11-02T19:31:13","guid":{"rendered":"http:\/\/dentalesparreguera.com\/ca\/?page_id=11858"},"modified":"2016-03-23T20:31:36","modified_gmt":"2016-03-23T18:31:36","slug":"coaching-wingwave","status":"publish","type":"page","link":"https:\/\/dentalesparreguera.com\/ca\/coaching-wingwave\/","title":{"rendered":"Coaching Wingwave"},"content":{"rendered":"<p>[et_pb_section admin_label=&#8221;Secci\u00f3n&#8221; fullwidth=&#8221;on&#8221; specialty=&#8221;off&#8221; background_image=&#8221;http:\/\/dentalesparreguera.com\/wp-content\/uploads\/2015\/11\/mariposa.jpg&#8221; transparent_background=&#8221;off&#8221; allow_player_pause=&#8221;off&#8221; inner_shadow=&#8221;off&#8221; parallax=&#8221;off&#8221; parallax_method=&#8221;off&#8221; padding_mobile=&#8221;off&#8221; make_fullwidth=&#8221;off&#8221; use_custom_width=&#8221;off&#8221; width_unit=&#8221;on&#8221; make_equal=&#8221;off&#8221; use_custom_gutter=&#8221;off&#8221; background_color=&#8221;#ffffff&#8221; gutter_width=&#8221;3&#8243;][et_pb_fullwidth_header admin_label=&#8221;T\u00edtulo de anchura completa&#8221; title=&#8221;Coaching Wingwave&#8221; background_layout=&#8221;light&#8221; text_orientation=&#8221;center&#8221; header_fullscreen=&#8221;off&#8221; header_scroll_down=&#8221;off&#8221; parallax=&#8221;off&#8221; parallax_method=&#8221;off&#8221; content_orientation=&#8221;center&#8221; image_orientation=&#8221;center&#8221; custom_button_one=&#8221;off&#8221; button_one_letter_spacing=&#8221;0&#8243; button_one_use_icon=&#8221;default&#8221; button_one_icon_placement=&#8221;right&#8221; button_one_on_hover=&#8221;on&#8221; button_one_letter_spacing_hover=&#8221;0&#8243; custom_button_two=&#8221;off&#8221; button_two_letter_spacing=&#8221;0&#8243; button_two_use_icon=&#8221;default&#8221; button_two_icon_placement=&#8221;right&#8221; button_two_on_hover=&#8221;on&#8221; button_two_letter_spacing_hover=&#8221;0&#8243; background_color=&#8221;rgba(255,255,255,0.3)&#8221; subhead=&#8221;La m\u00ednima intervenci\u00f3 far\u00e0 un gran canvi&#8221; subhead_font_size=&#8221;48px&#8221; title_font_size=&#8221;36&#8243; subhead_font=&#8221;Lobster Two||||&#8221; subhead_font_color=&#8221;#ffffff&#8221; title_font_color=&#8221;#000000&#8243;]<\/p>\n<p>[\/et_pb_fullwidth_header][\/et_pb_section][et_pb_section admin_label=&#8221;Secci\u00f3n&#8221; fullwidth=&#8221;off&#8221; specialty=&#8221;off&#8221;][et_pb_row admin_label=&#8221;Fila&#8221;][et_pb_column type=&#8221;1_4&#8243;][et_pb_image admin_label=&#8221;icono coaching winwave&#8221; src=&#8221;http:\/\/dentalesparreguera.com\/wp-content\/uploads\/2015\/08\/icono-winwave.png&#8221; title_text=&#8221;Especialidad 1&#8243; show_in_lightbox=&#8221;off&#8221; url_new_window=&#8221;off&#8221; animation=&#8221;left&#8221; sticky=&#8221;off&#8221; align=&#8221;left&#8221; force_fullwidth=&#8221;off&#8221; always_center_on_mobile=&#8221;on&#8221; use_border_color=&#8221;off&#8221; border_color=&#8221;#ffffff&#8221; border_style=&#8221;solid&#8221;]<\/p>\n<p>[\/et_pb_image][\/et_pb_column][et_pb_column type=&#8221;1_2&#8243;][et_pb_text admin_label=&#8221;Coaching Winwave&#8221; background_layout=&#8221;light&#8221; text_orientation=&#8221;left&#8221; use_border_color=&#8221;off&#8221; border_color=&#8221;#ffffff&#8221; border_style=&#8221;solid&#8221;]<\/p>\n<p>El Coaching Wingwave \u00e9s un nou concepte de coaching a curt termini que combina diverses t\u00e8cniques molt efectives, la pot\u00e8ncia del m\u00e8tode aquesta en la integraci\u00f3 encertada que fa d&#8217;altres m\u00e8todes de gran efic\u00e0cia com: la PNL, EMDR de Francine Shapiro (Reprocesament cerebral); i el Test de Verificaci\u00f3 Muscular (Feed-back muscular).<\/p>\n<h3>Qu\u00e8 vol dir el seu nom?<\/h3>\n<p>Coaching Wingwave \u00e9s una l\u00ednia del Coaching, aquesta introdueix com processa el cervell la informaci\u00f3 (fonamentalment -neurol\u00f3gicamente) per produir canvis, accedir a recursos, digerir experi\u00e8ncies o prendre decisions.<\/p>\n<p><strong>Wingwave<\/strong> \u00e9s una paraula composta. Wing (ala) Fa refer\u00e8ncia a les ales de papallona, com en la teoria del caos, un aleteo d&#8217;una papallona pot canviar el trascurso de les coses, un petit canvi causa un gran moviment. Es aletea davant els ulls de la persona, per estimular bilateralment el cervell, \u00e9s una de les coses que es basa aquesta metodologia entre altres coses, tant a nivell visual, com a auditiu-corporal. Wave (ona) Es refereix a l&#8217;ona cerebral, el cervell emet ones, segons la freq\u00fc\u00e8ncia de la informaci\u00f3, hi ha diversos nivells(Alfa, Beta..), s&#8217;emeten unes o unes altres quan les persones assimilen experi\u00e8ncies, s\u00f3n d&#8217;una freq\u00fc\u00e8ncia determinada.<\/p>\n<p>Amb aquesta metodologia alterarem, incidirem a trav\u00e9s de l&#8217;estimulaci\u00f3 bilateral la freq\u00fc\u00e8ncia de les ones per als canvis. \u201cLa m\u00ednima intervenci\u00f3 far\u00e0 un gran canvi\u201d \u00e9s un coaching breu. Podr\u00edem dir que \u00e9s un Coaching emocional, movent emocions, activandolas, que circulin. \u00c9s una excel\u00b7lent via per canviar les associacions que uneixen la mem\u00f2ria amb les seves corresponents emocions, de negatiu a positiu. Sabem que les dues regions, l&#8217;hipocamp i l&#8217;am\u00edgdala estan connectades.<\/p>\n<p><img fetchpriority=\"high\" fetchpriority=\"high\" decoding=\"async\" class=\"alignright size-medium wp-image-11141\" src=\"http:\/\/dentalesparreguera.com\/wp-content\/uploads\/2015\/10\/idea-300x225.jpg\" alt=\"idea\" width=\"300\" height=\"225\" srcset=\"https:\/\/dentalesparreguera.com\/wp-content\/uploads\/2015\/10\/idea-300x225.jpg 300w, https:\/\/dentalesparreguera.com\/wp-content\/uploads\/2015\/10\/idea.jpg 485w\" sizes=\"(max-width: 300px) 100vw, 300px\" \/>Un nen petit passa per moltes emocions di\u00e0ries, els adults som m\u00e9s complexos, unes les bloquegem, unes altres s\u00f3n creences (hi ha fam\u00edlies que no permeten alegria) ens domestiquem, amb una s\u00e8rie de condicionaments emocionals, amb el Coaching Wingwave fem funcionar aquesta emoci\u00f3 bloquejada a emocions agradables. En aquest tipus de coaching el tema preferent \u00e9s l&#8217;estr\u00e8s, directament incideix sobre el processament d&#8217;estr\u00e8s; dol, m&#8217;ha deixat mella, no he pogut superar-ho, s\u00f3n indicatius que hi ha alguna cosa que s&#8217;ha quedat bloquejat, una digesti\u00f3 que no podem digerir, amb aquest tipus de coaching ajudem a aix\u00f2, a assimilar aquests bloquejos, sostenint-los, no s&#8217;esborren, es pot viure amb ells.<\/p>\n<h3>Els components<\/h3>\n<p>El Coaching Wingwave va ser desenvolupat pels psic\u00f2legs alemanys i entrenadors corporatius Cora Besser-Siegmund i Harry Siegmund en el Verweis auf Institut Besser-Siegmund d&#8217;Hamburg, Alemanya, en els anys noranta. \u00c9s un empaquetat modern de pnl, estimulaci\u00f3 bilateral dels hemisferis bilaterals, test O-ring, Dr.Bdort Omura (mitjan\u00e7ant el qual calibrem les emocions).<\/p>\n<p>Aquest metge va ser qui ho va posar en la taula per a diagnosi m\u00e8dica, ho patento a EUA, test muscular amb els dits de la m\u00e0, nosaltres solament ho restringim a l&#8217;habito psicol\u00f2gic (aix\u00f2 em produeix estr\u00e8s o no, ho puc manejar), ens d\u00f3na un calibratge de fort feble, t\u00e9 una correlaci\u00f3 amb el cervell (hom\u00fanculo Penfield).<\/p>\n<p>\u00c9s ideal per a totes les \u00e0rees de la vida que estan relacionades amb records estresantes o amb emocions negatives cap al futur. Patrons de pensament i de comportament que limiten la seva vida poden ser transformats f\u00e0cilment i els bloquejos es poden dissoldre r\u00e0pidament, per exemple la por al dentista.<br \/>\nRegula l&#8217;estr\u00e8s i augmenta la sensaci\u00f3 interna de benestar.<\/p>\n<p>[\/et_pb_text][\/et_pb_column][et_pb_column type=&#8221;1_4&#8243;][et_pb_sidebar admin_label=&#8221;Barra lateral&#8221; orientation=&#8221;right&#8221; area=&#8221;et_pb_widget_area_4&#8243; background_layout=&#8221;light&#8221; remove_border=&#8221;off&#8221;]<\/p>\n<p>[\/et_pb_sidebar][\/et_pb_column][\/et_pb_row][\/et_pb_section]<\/p>\n","protected":false},"excerpt":{"rendered":"<p>El Coaching Wingwave \u00e9s un nou concepte de coaching a curt termini que combina diverses t\u00e8cniques molt efectives, la pot\u00e8ncia del m\u00e8tode aquesta en la integraci\u00f3 encertada que fa d&#8217;altres m\u00e8todes de gran efic\u00e0cia com: la PNL, EMDR de Francine Shapiro (Reprocesament cerebral); i el Test de Verificaci\u00f3 Muscular (Feed-back muscular). Qu\u00e8 vol dir el [&hellip;]<\/p>\n","protected":false},"author":5,"featured_media":0,"parent":0,"menu_order":10,"comment_status":"closed","ping_status":"closed","template":"","meta":{"_et_pb_use_builder":"on","_et_pb_old_content":"","_et_gb_content_width":"","_joinchat":[],"footnotes":""},"class_list":["post-11858","page","type-page","status-publish","hentry"],"yoast_head":"<!-- This site is optimized with the Yoast SEO plugin v27.3 - https:\/\/yoast.com\/product\/yoast-seo-wordpress\/ -->\n<title>Coaching Wingwave - Mima Cl\u00ednica Dental<\/title>\n<meta name=\"robots\" content=\"index, follow, max-snippet:-1, max-image-preview:large, max-video-preview:-1\" \/>\n<link rel=\"canonical\" href=\"https:\/\/dentalesparreguera.com\/ca\/coaching-wingwave\/\" \/>\n<meta property=\"og:locale\" content=\"ca_ES\" \/>\n<meta property=\"og:type\" content=\"article\" \/>\n<meta property=\"og:title\" content=\"Coaching Wingwave - Mima Cl\u00ednica Dental\" \/>\n<meta property=\"og:description\" content=\"El Coaching Wingwave \u00e9s un nou concepte de coaching a curt termini que combina diverses t\u00e8cniques molt efectives, la pot\u00e8ncia del m\u00e8tode aquesta en la integraci\u00f3 encertada que fa d&#039;altres m\u00e8todes de gran efic\u00e0cia com: la PNL, EMDR de Francine Shapiro (Reprocesament cerebral); i el Test de Verificaci\u00f3 Muscular (Feed-back muscular). Qu\u00e8 vol dir el [&hellip;]\" \/>\n<meta property=\"og:url\" content=\"https:\/\/dentalesparreguera.com\/ca\/coaching-wingwave\/\" \/>\n<meta property=\"og:site_name\" content=\"Mima Cl\u00ednica Dental\" \/>\n<meta property=\"article:publisher\" content=\"https:\/\/www.facebook.com\/dentalesparreguera\/\" \/>\n<meta property=\"article:modified_time\" content=\"2016-03-23T18:31:36+00:00\" \/>\n<meta property=\"og:image\" content=\"http:\/\/dentalesparreguera.com\/wp-content\/uploads\/2015\/10\/idea-300x225.jpg\" \/>\n<meta name=\"twitter:card\" content=\"summary_large_image\" \/>\n<meta name=\"twitter:label1\" content=\"Temps estimat de lectura\" \/>\n\t<meta name=\"twitter:data1\" content=\"5 minuts\" \/>\n<script type=\"application\/ld+json\" class=\"yoast-schema-graph\">{\"@context\":\"https:\\\/\\\/schema.org\",\"@graph\":[{\"@type\":\"WebPage\",\"@id\":\"https:\\\/\\\/dentalesparreguera.com\\\/ca\\\/coaching-wingwave\\\/\",\"url\":\"https:\\\/\\\/dentalesparreguera.com\\\/ca\\\/coaching-wingwave\\\/\",\"name\":\"Coaching Wingwave - Mima Cl\u00ednica Dental\",\"isPartOf\":{\"@id\":\"https:\\\/\\\/dentalesparreguera.com\\\/ca\\\/#website\"},\"primaryImageOfPage\":{\"@id\":\"https:\\\/\\\/dentalesparreguera.com\\\/ca\\\/coaching-wingwave\\\/#primaryimage\"},\"image\":{\"@id\":\"https:\\\/\\\/dentalesparreguera.com\\\/ca\\\/coaching-wingwave\\\/#primaryimage\"},\"thumbnailUrl\":\"http:\\\/\\\/dentalesparreguera.com\\\/wp-content\\\/uploads\\\/2015\\\/10\\\/idea-300x225.jpg\",\"datePublished\":\"2015-11-02T19:31:13+00:00\",\"dateModified\":\"2016-03-23T18:31:36+00:00\",\"breadcrumb\":{\"@id\":\"https:\\\/\\\/dentalesparreguera.com\\\/ca\\\/coaching-wingwave\\\/#breadcrumb\"},\"inLanguage\":\"ca\",\"potentialAction\":[{\"@type\":\"ReadAction\",\"target\":[\"https:\\\/\\\/dentalesparreguera.com\\\/ca\\\/coaching-wingwave\\\/\"]}]},{\"@type\":\"ImageObject\",\"inLanguage\":\"ca\",\"@id\":\"https:\\\/\\\/dentalesparreguera.com\\\/ca\\\/coaching-wingwave\\\/#primaryimage\",\"url\":\"http:\\\/\\\/dentalesparreguera.com\\\/wp-content\\\/uploads\\\/2015\\\/10\\\/idea-300x225.jpg\",\"contentUrl\":\"http:\\\/\\\/dentalesparreguera.com\\\/wp-content\\\/uploads\\\/2015\\\/10\\\/idea-300x225.jpg\"},{\"@type\":\"BreadcrumbList\",\"@id\":\"https:\\\/\\\/dentalesparreguera.com\\\/ca\\\/coaching-wingwave\\\/#breadcrumb\",\"itemListElement\":[{\"@type\":\"ListItem\",\"position\":1,\"name\":\"Portada\",\"item\":\"https:\\\/\\\/dentalesparreguera.com\\\/ca\\\/\"},{\"@type\":\"ListItem\",\"position\":2,\"name\":\"Coaching Wingwave\"}]},{\"@type\":\"WebSite\",\"@id\":\"https:\\\/\\\/dentalesparreguera.com\\\/ca\\\/#website\",\"url\":\"https:\\\/\\\/dentalesparreguera.com\\\/ca\\\/\",\"name\":\"Mima Cl\u00ednica Dental\",\"description\":\"Tu Cl\u00ednica Dental de confianza en Esparreguera\",\"publisher\":{\"@id\":\"https:\\\/\\\/dentalesparreguera.com\\\/ca\\\/#organization\"},\"potentialAction\":[{\"@type\":\"SearchAction\",\"target\":{\"@type\":\"EntryPoint\",\"urlTemplate\":\"https:\\\/\\\/dentalesparreguera.com\\\/ca\\\/?s={search_term_string}\"},\"query-input\":{\"@type\":\"PropertyValueSpecification\",\"valueRequired\":true,\"valueName\":\"search_term_string\"}}],\"inLanguage\":\"ca\"},{\"@type\":\"Organization\",\"@id\":\"https:\\\/\\\/dentalesparreguera.com\\\/ca\\\/#organization\",\"name\":\"Mima Cl\u00ednica Dental\",\"url\":\"https:\\\/\\\/dentalesparreguera.com\\\/ca\\\/\",\"logo\":{\"@type\":\"ImageObject\",\"inLanguage\":\"ca\",\"@id\":\"https:\\\/\\\/dentalesparreguera.com\\\/ca\\\/#\\\/schema\\\/logo\\\/image\\\/\",\"url\":\"https:\\\/\\\/dentalesparreguera.com\\\/wp-content\\\/uploads\\\/2015\\\/08\\\/LOGOS-blog-mimaMIMA-2-150ppp.png\",\"contentUrl\":\"https:\\\/\\\/dentalesparreguera.com\\\/wp-content\\\/uploads\\\/2015\\\/08\\\/LOGOS-blog-mimaMIMA-2-150ppp.png\",\"width\":849,\"height\":403,\"caption\":\"Mima Cl\u00ednica Dental\"},\"image\":{\"@id\":\"https:\\\/\\\/dentalesparreguera.com\\\/ca\\\/#\\\/schema\\\/logo\\\/image\\\/\"},\"sameAs\":[\"https:\\\/\\\/www.facebook.com\\\/dentalesparreguera\\\/\"]}]}<\/script>\n<!-- \/ Yoast SEO plugin. -->","yoast_head_json":{"title":"Coaching Wingwave - Mima Cl\u00ednica Dental","robots":{"index":"index","follow":"follow","max-snippet":"max-snippet:-1","max-image-preview":"max-image-preview:large","max-video-preview":"max-video-preview:-1"},"canonical":"https:\/\/dentalesparreguera.com\/ca\/coaching-wingwave\/","og_locale":"ca_ES","og_type":"article","og_title":"Coaching Wingwave - Mima Cl\u00ednica Dental","og_description":"El Coaching Wingwave \u00e9s un nou concepte de coaching a curt termini que combina diverses t\u00e8cniques molt efectives, la pot\u00e8ncia del m\u00e8tode aquesta en la integraci\u00f3 encertada que fa d'altres m\u00e8todes de gran efic\u00e0cia com: la PNL, EMDR de Francine Shapiro (Reprocesament cerebral); i el Test de Verificaci\u00f3 Muscular (Feed-back muscular). Qu\u00e8 vol dir el [&hellip;]","og_url":"https:\/\/dentalesparreguera.com\/ca\/coaching-wingwave\/","og_site_name":"Mima Cl\u00ednica Dental","article_publisher":"https:\/\/www.facebook.com\/dentalesparreguera\/","article_modified_time":"2016-03-23T18:31:36+00:00","og_image":[{"url":"http:\/\/dentalesparreguera.com\/wp-content\/uploads\/2015\/10\/idea-300x225.jpg","type":"","width":"","height":""}],"twitter_card":"summary_large_image","twitter_misc":{"Temps estimat de lectura":"5 minuts"},"schema":{"@context":"https:\/\/schema.org","@graph":[{"@type":"WebPage","@id":"https:\/\/dentalesparreguera.com\/ca\/coaching-wingwave\/","url":"https:\/\/dentalesparreguera.com\/ca\/coaching-wingwave\/","name":"Coaching Wingwave - Mima Cl\u00ednica Dental","isPartOf":{"@id":"https:\/\/dentalesparreguera.com\/ca\/#website"},"primaryImageOfPage":{"@id":"https:\/\/dentalesparreguera.com\/ca\/coaching-wingwave\/#primaryimage"},"image":{"@id":"https:\/\/dentalesparreguera.com\/ca\/coaching-wingwave\/#primaryimage"},"thumbnailUrl":"http:\/\/dentalesparreguera.com\/wp-content\/uploads\/2015\/10\/idea-300x225.jpg","datePublished":"2015-11-02T19:31:13+00:00","dateModified":"2016-03-23T18:31:36+00:00","breadcrumb":{"@id":"https:\/\/dentalesparreguera.com\/ca\/coaching-wingwave\/#breadcrumb"},"inLanguage":"ca","potentialAction":[{"@type":"ReadAction","target":["https:\/\/dentalesparreguera.com\/ca\/coaching-wingwave\/"]}]},{"@type":"ImageObject","inLanguage":"ca","@id":"https:\/\/dentalesparreguera.com\/ca\/coaching-wingwave\/#primaryimage","url":"http:\/\/dentalesparreguera.com\/wp-content\/uploads\/2015\/10\/idea-300x225.jpg","contentUrl":"http:\/\/dentalesparreguera.com\/wp-content\/uploads\/2015\/10\/idea-300x225.jpg"},{"@type":"BreadcrumbList","@id":"https:\/\/dentalesparreguera.com\/ca\/coaching-wingwave\/#breadcrumb","itemListElement":[{"@type":"ListItem","position":1,"name":"Portada","item":"https:\/\/dentalesparreguera.com\/ca\/"},{"@type":"ListItem","position":2,"name":"Coaching Wingwave"}]},{"@type":"WebSite","@id":"https:\/\/dentalesparreguera.com\/ca\/#website","url":"https:\/\/dentalesparreguera.com\/ca\/","name":"Mima Cl\u00ednica Dental","description":"Tu Cl\u00ednica Dental de confianza en Esparreguera","publisher":{"@id":"https:\/\/dentalesparreguera.com\/ca\/#organization"},"potentialAction":[{"@type":"SearchAction","target":{"@type":"EntryPoint","urlTemplate":"https:\/\/dentalesparreguera.com\/ca\/?s={search_term_string}"},"query-input":{"@type":"PropertyValueSpecification","valueRequired":true,"valueName":"search_term_string"}}],"inLanguage":"ca"},{"@type":"Organization","@id":"https:\/\/dentalesparreguera.com\/ca\/#organization","name":"Mima Cl\u00ednica Dental","url":"https:\/\/dentalesparreguera.com\/ca\/","logo":{"@type":"ImageObject","inLanguage":"ca","@id":"https:\/\/dentalesparreguera.com\/ca\/#\/schema\/logo\/image\/","url":"https:\/\/dentalesparreguera.com\/wp-content\/uploads\/2015\/08\/LOGOS-blog-mimaMIMA-2-150ppp.png","contentUrl":"https:\/\/dentalesparreguera.com\/wp-content\/uploads\/2015\/08\/LOGOS-blog-mimaMIMA-2-150ppp.png","width":849,"height":403,"caption":"Mima Cl\u00ednica Dental"},"image":{"@id":"https:\/\/dentalesparreguera.com\/ca\/#\/schema\/logo\/image\/"},"sameAs":["https:\/\/www.facebook.com\/dentalesparreguera\/"]}]}},"_links":{"self":[{"href":"https:\/\/dentalesparreguera.com\/ca\/wp-json\/wp\/v2\/pages\/11858","targetHints":{"allow":["GET"]}}],"collection":[{"href":"https:\/\/dentalesparreguera.com\/ca\/wp-json\/wp\/v2\/pages"}],"about":[{"href":"https:\/\/dentalesparreguera.com\/ca\/wp-json\/wp\/v2\/types\/page"}],"author":[{"embeddable":true,"href":"https:\/\/dentalesparreguera.com\/ca\/wp-json\/wp\/v2\/users\/5"}],"replies":[{"embeddable":true,"href":"https:\/\/dentalesparreguera.com\/ca\/wp-json\/wp\/v2\/comments?post=11858"}],"version-history":[{"count":3,"href":"https:\/\/dentalesparreguera.com\/ca\/wp-json\/wp\/v2\/pages\/11858\/revisions"}],"predecessor-version":[{"id":11955,"href":"https:\/\/dentalesparreguera.com\/ca\/wp-json\/wp\/v2\/pages\/11858\/revisions\/11955"}],"wp:attachment":[{"href":"https:\/\/dentalesparreguera.com\/ca\/wp-json\/wp\/v2\/media?parent=11858"}],"curies":[{"name":"wp","href":"https:\/\/api.w.org\/{rel}","templated":true}]}}